{"id":88,"date":"2021-04-09T16:52:26","date_gmt":"2021-04-09T16:52:26","guid":{"rendered":"https:\/\/startersites.io\/blocksy\/homi\/?post_type=product&#038;p=88"},"modified":"2026-03-21T16:38:43","modified_gmt":"2026-03-21T16:38:43","slug":"mascarilla-cabello-crespo","status":"publish","type":"product","link":"https:\/\/cosmeticshop.com.co\/?product=mascarilla-cabello-crespo","title":{"rendered":"Mascarilla Cabello Crespo"},"content":{"rendered":"<p>Mascarilla capilar especialmente dise\u00f1ada para el cuidado del cabello rizado, ideal para hidratar profundamente y mejorar la definici\u00f3n de los rizos.<\/p>\n<p>Despu\u00e9s de usar el shampoo, aplica una peque\u00f1a cantidad de producto en las manos y distrib\u00fayelo de medios a puntas, masajeando suavemente. Deja actuar entre 5 y 10 minutos y luego enjuaga con abundante agua para obtener un cabello m\u00e1s suave, nutrido y manejable.<\/p>\n<p>Su f\u00f3rmula est\u00e1 enriquecida con Vitamina A, Vitamina E, Vitamina C, Vitamina H (Biotina) y Pro-Vitamina B5 (D-Pantenol), que ayudan a fortalecer la fibra capilar, aportar brillo y mantener el cabello saludable y libre de frizz.<\/p>\n","protected":false},"excerpt":{"rendered":"<p>Mascarilla para rizos con vitaminas que hidrata, fortalece y define el cabello.<\/p>\n","protected":false},"featured_media":987,"template":"","meta":{"_joinchat":[]},"product_brand":[81],"product_cat":[61,63],"product_tag":[],"class_list":{"0":"post-88","1":"product","2":"type-product","3":"status-publish","4":"has-post-thumbnail","6":"product_brand-raw","7":"product_cat-cuidado-capilar","8":"product_cat-hidratacion-nutricion","10":"first","11":"instock","12":"shipping-taxable","13":"purchasable","14":"product-type-simple"},"_links":{"self":[{"href":"https:\/\/cosmeticshop.com.co\/index.php?rest_route=\/wp\/v2\/product\/88","targetHints":{"allow":["GET"]}}],"collection":[{"href":"https:\/\/cosmeticshop.com.co\/index.php?rest_route=\/wp\/v2\/product"}],"about":[{"href":"https:\/\/cosmeticshop.com.co\/index.php?rest_route=\/wp\/v2\/types\/product"}],"wp:featuredmedia":[{"embeddable":true,"href":"https:\/\/cosmeticshop.com.co\/index.php?rest_route=\/wp\/v2\/media\/987"}],"wp:attachment":[{"href":"https:\/\/cosmeticshop.com.co\/index.php?rest_route=%2Fwp%2Fv2%2Fmedia&parent=88"}],"wp:term":[{"taxonomy":"product_brand","embeddable":true,"href":"https:\/\/cosmeticshop.com.co\/index.php?rest_route=%2Fwp%2Fv2%2Fproduct_brand&post=88"},{"taxonomy":"product_cat","embeddable":true,"href":"https:\/\/cosmeticshop.com.co\/index.php?rest_route=%2Fwp%2Fv2%2Fproduct_cat&post=88"},{"taxonomy":"product_tag","embeddable":true,"href":"https:\/\/cosmeticshop.com.co\/index.php?rest_route=%2Fwp%2Fv2%2Fproduct_tag&post=88"}],"curies":[{"name":"wp","href":"https:\/\/api.w.org\/{rel}","templated":true}]}}