{"id":767,"date":"2026-03-21T06:35:07","date_gmt":"2026-03-21T06:35:07","guid":{"rendered":"https:\/\/cosmeticshop.com.co\/?post_type=product&#038;p=767"},"modified":"2026-03-21T14:58:43","modified_gmt":"2026-03-21T14:58:43","slug":"cepillo-secador-hair-styler","status":"publish","type":"product","link":"https:\/\/cosmeticshop.com.co\/?product=cepillo-secador-hair-styler","title":{"rendered":"Cepillo Secador Hair Styler"},"content":{"rendered":"<p>Disfruta de un cabello suave, sedoso y con brillo natural gracias a este pr\u00e1ctico cepillo secador. M\u00e1s f\u00e1cil y r\u00e1pido de usar que un secador tradicional con cepillo, permite peinar y secar al mismo tiempo.<\/p>\n<p>Cuenta con 3 ajustes de temperatura para adaptarse a diferentes tipos de cabello, ayudando a reducir el encrespamiento y dejando un acabado manejable y profesional. Su cable de 3 metros con rotaci\u00f3n de 360\u00b0 brinda mayor comodidad y libertad de movimiento durante el uso.<\/p>\n","protected":false},"excerpt":{"rendered":"<p>Cepillo secador con 3 temperaturas que deja el cabello suave, brillante y sin frizz.<\/p>\n","protected":false},"featured_media":758,"template":"","meta":{"_joinchat":[]},"product_brand":[34],"product_cat":[45,49],"product_tag":[],"class_list":{"0":"post-767","1":"product","2":"type-product","3":"status-publish","4":"has-post-thumbnail","6":"product_brand-aurora-vibes","7":"product_cat-accesorios","8":"product_cat-electricos","10":"first","11":"instock","12":"shipping-taxable","13":"purchasable","14":"product-type-simple"},"_links":{"self":[{"href":"https:\/\/cosmeticshop.com.co\/index.php?rest_route=\/wp\/v2\/product\/767","targetHints":{"allow":["GET"]}}],"collection":[{"href":"https:\/\/cosmeticshop.com.co\/index.php?rest_route=\/wp\/v2\/product"}],"about":[{"href":"https:\/\/cosmeticshop.com.co\/index.php?rest_route=\/wp\/v2\/types\/product"}],"wp:featuredmedia":[{"embeddable":true,"href":"https:\/\/cosmeticshop.com.co\/index.php?rest_route=\/wp\/v2\/media\/758"}],"wp:attachment":[{"href":"https:\/\/cosmeticshop.com.co\/index.php?rest_route=%2Fwp%2Fv2%2Fmedia&parent=767"}],"wp:term":[{"taxonomy":"product_brand","embeddable":true,"href":"https:\/\/cosmeticshop.com.co\/index.php?rest_route=%2Fwp%2Fv2%2Fproduct_brand&post=767"},{"taxonomy":"product_cat","embeddable":true,"href":"https:\/\/cosmeticshop.com.co\/index.php?rest_route=%2Fwp%2Fv2%2Fproduct_cat&post=767"},{"taxonomy":"product_tag","embeddable":true,"href":"https:\/\/cosmeticshop.com.co\/index.php?rest_route=%2Fwp%2Fv2%2Fproduct_tag&post=767"}],"curies":[{"name":"wp","href":"https:\/\/api.w.org\/{rel}","templated":true}]}}