{"id":589,"date":"2021-04-14T11:22:34","date_gmt":"2021-04-14T11:22:34","guid":{"rendered":"https:\/\/startersites.io\/blocksy\/homi\/?post_type=product&#038;p=589"},"modified":"2026-03-21T15:32:15","modified_gmt":"2026-03-21T15:32:15","slug":"plancha-pro-titanium","status":"publish","type":"product","link":"https:\/\/cosmeticshop.com.co\/?product=plancha-pro-titanium","title":{"rendered":"Plancha Pro Titanium"},"content":{"rendered":"<p>Plancha de cabello dise\u00f1ada para ofrecer un peinado f\u00e1cil, seguro y eficiente en todo tipo de cabello. Cuenta con mango antideslizante que brinda mayor control y comodidad durante el uso.<\/p>\n<p>Su sistema de calentamiento r\u00e1pido y recuperaci\u00f3n acelerada permite obtener resultados en menos tiempo, logrando un acabado uniforme y profesional. Incluye placas ergon\u00f3micas que se adaptan perfectamente al cabello para un alisado m\u00e1s suave.<\/p>\n<p>Adem\u00e1s, dispone de cable giratorio de 2 metros para mayor libertad de movimiento y funci\u00f3n de apagado autom\u00e1tico a los 60 minutos, garantizando mayor seguridad durante su uso.<\/p>\n","protected":false},"excerpt":{"rendered":"<div dir=\"ltr\">\n<div class=\"input-box\" spellcheck=\"false\">\n<div id=\"waffle-rich-text-editor\" class=\"cell-input editable\" dir=\"ltr\" tabindex=\"0\" role=\"combobox\" contenteditable=\"true\" aria-autocomplete=\"list\" aria-label=\"E7\">Plancha de cabello con calentamiento r\u00e1pido, apagado autom\u00e1tico y dise\u00f1o ergon\u00f3mico.<\/div>\n<\/div>\n<\/div>\n","protected":false},"featured_media":928,"template":"","meta":{"_joinchat":[]},"product_brand":[34],"product_cat":[45,49],"product_tag":[],"class_list":{"0":"post-589","1":"product","2":"type-product","3":"status-publish","4":"has-post-thumbnail","6":"product_brand-aurora-vibes","7":"product_cat-accesorios","8":"product_cat-electricos","10":"first","11":"instock","12":"shipping-taxable","13":"purchasable","14":"product-type-simple"},"_links":{"self":[{"href":"https:\/\/cosmeticshop.com.co\/index.php?rest_route=\/wp\/v2\/product\/589","targetHints":{"allow":["GET"]}}],"collection":[{"href":"https:\/\/cosmeticshop.com.co\/index.php?rest_route=\/wp\/v2\/product"}],"about":[{"href":"https:\/\/cosmeticshop.com.co\/index.php?rest_route=\/wp\/v2\/types\/product"}],"wp:featuredmedia":[{"embeddable":true,"href":"https:\/\/cosmeticshop.com.co\/index.php?rest_route=\/wp\/v2\/media\/928"}],"wp:attachment":[{"href":"https:\/\/cosmeticshop.com.co\/index.php?rest_route=%2Fwp%2Fv2%2Fmedia&parent=589"}],"wp:term":[{"taxonomy":"product_brand","embeddable":true,"href":"https:\/\/cosmeticshop.com.co\/index.php?rest_route=%2Fwp%2Fv2%2Fproduct_brand&post=589"},{"taxonomy":"product_cat","embeddable":true,"href":"https:\/\/cosmeticshop.com.co\/index.php?rest_route=%2Fwp%2Fv2%2Fproduct_cat&post=589"},{"taxonomy":"product_tag","embeddable":true,"href":"https:\/\/cosmeticshop.com.co\/index.php?rest_route=%2Fwp%2Fv2%2Fproduct_tag&post=589"}],"curies":[{"name":"wp","href":"https:\/\/api.w.org\/{rel}","templated":true}]}}