{"id":579,"date":"2021-04-13T21:13:24","date_gmt":"2021-04-13T21:13:24","guid":{"rendered":"https:\/\/startersites.io\/blocksy\/homi\/?post_type=product&#038;p=579"},"modified":"2026-03-21T15:43:38","modified_gmt":"2026-03-21T15:43:38","slug":"rizadora-curly-deluxe","status":"publish","type":"product","link":"https:\/\/cosmeticshop.com.co\/?product=rizadora-curly-deluxe","title":{"rendered":"Rizadora Curly Deluxe"},"content":{"rendered":"<p>Rizador de alto desempe\u00f1o dise\u00f1ado para brindar m\u00e1xima protecci\u00f3n al cabello gracias a su recubrimiento en cer\u00e1mica de nano cuarzo, que ayuda a conservar la vitalidad y realzar el brillo natural.<\/p>\n<p>Cuenta con calentamiento instant\u00e1neo y distribuci\u00f3n uniforme del calor, permitiendo crear rizos definidos de manera r\u00e1pida y segura. Su barril extra largo de 25 mm es ideal para trabajar todo tipo de cabello, mientras que su punta fr\u00eda facilita el agarre y brinda mayor control durante el peinado.<\/p>\n","protected":false},"excerpt":{"rendered":"<p>Rizador con barril de 25 mm y recubrimiento cer\u00e1mico de nano cuarzo para un cabello brillante y protegido.<\/p>\n","protected":false},"featured_media":935,"template":"","meta":{"_joinchat":[]},"product_brand":[34],"product_cat":[45,49],"product_tag":[],"class_list":{"0":"post-579","1":"product","2":"type-product","3":"status-publish","4":"has-post-thumbnail","6":"product_brand-aurora-vibes","7":"product_cat-accesorios","8":"product_cat-electricos","10":"first","11":"instock","12":"shipping-taxable","13":"purchasable","14":"product-type-simple"},"_links":{"self":[{"href":"https:\/\/cosmeticshop.com.co\/index.php?rest_route=\/wp\/v2\/product\/579","targetHints":{"allow":["GET"]}}],"collection":[{"href":"https:\/\/cosmeticshop.com.co\/index.php?rest_route=\/wp\/v2\/product"}],"about":[{"href":"https:\/\/cosmeticshop.com.co\/index.php?rest_route=\/wp\/v2\/types\/product"}],"wp:featuredmedia":[{"embeddable":true,"href":"https:\/\/cosmeticshop.com.co\/index.php?rest_route=\/wp\/v2\/media\/935"}],"wp:attachment":[{"href":"https:\/\/cosmeticshop.com.co\/index.php?rest_route=%2Fwp%2Fv2%2Fmedia&parent=579"}],"wp:term":[{"taxonomy":"product_brand","embeddable":true,"href":"https:\/\/cosmeticshop.com.co\/index.php?rest_route=%2Fwp%2Fv2%2Fproduct_brand&post=579"},{"taxonomy":"product_cat","embeddable":true,"href":"https:\/\/cosmeticshop.com.co\/index.php?rest_route=%2Fwp%2Fv2%2Fproduct_cat&post=579"},{"taxonomy":"product_tag","embeddable":true,"href":"https:\/\/cosmeticshop.com.co\/index.php?rest_route=%2Fwp%2Fv2%2Fproduct_tag&post=579"}],"curies":[{"name":"wp","href":"https:\/\/api.w.org\/{rel}","templated":true}]}}