{"id":577,"date":"2021-04-13T21:08:54","date_gmt":"2021-04-13T21:08:54","guid":{"rendered":"https:\/\/startersites.io\/blocksy\/homi\/?post_type=product&#038;p=577"},"modified":"2026-03-21T15:42:44","modified_gmt":"2026-03-21T15:42:44","slug":"secador-power-diamond","status":"publish","type":"product","link":"https:\/\/cosmeticshop.com.co\/?product=secador-power-diamond","title":{"rendered":"Secador Power Diamond"},"content":{"rendered":"<p>Secador de cabello de alto rendimiento que ofrece un secado r\u00e1pido y natural gracias a su tecnolog\u00eda i\u00f3nica de mayor potencia. Los iones negativos ayudan a descomponer las mol\u00e9culas de agua, permitiendo que el cabello absorba la humedad m\u00e1s f\u00e1cilmente, reduciendo el frizz y mejorando el brillo.<\/p>\n<p>Cuenta con ajuste de temperatura y velocidad para adaptarse a diferentes tipos de cabello y necesidades de peinado. Incluye funci\u00f3n de disparo de aire fr\u00edo ideal para fijar el peinado y lograr un acabado duradero.<\/p>\n<p>Adem\u00e1s, viene con 2 boquillas concentradoras que facilitan un secado m\u00e1s preciso y profesional.<\/p>\n","protected":false},"excerpt":{"rendered":"<p>Secador i\u00f3nico de alta potencia con ajuste de temperatura y funci\u00f3n de aire fr\u00edo.<\/p>\n","protected":false},"featured_media":939,"template":"","meta":{"_joinchat":[]},"product_brand":[34],"product_cat":[45,49],"product_tag":[],"class_list":{"0":"post-577","1":"product","2":"type-product","3":"status-publish","4":"has-post-thumbnail","6":"product_brand-aurora-vibes","7":"product_cat-accesorios","8":"product_cat-electricos","10":"first","11":"instock","12":"shipping-taxable","13":"purchasable","14":"product-type-simple"},"_links":{"self":[{"href":"https:\/\/cosmeticshop.com.co\/index.php?rest_route=\/wp\/v2\/product\/577","targetHints":{"allow":["GET"]}}],"collection":[{"href":"https:\/\/cosmeticshop.com.co\/index.php?rest_route=\/wp\/v2\/product"}],"about":[{"href":"https:\/\/cosmeticshop.com.co\/index.php?rest_route=\/wp\/v2\/types\/product"}],"wp:featuredmedia":[{"embeddable":true,"href":"https:\/\/cosmeticshop.com.co\/index.php?rest_route=\/wp\/v2\/media\/939"}],"wp:attachment":[{"href":"https:\/\/cosmeticshop.com.co\/index.php?rest_route=%2Fwp%2Fv2%2Fmedia&parent=577"}],"wp:term":[{"taxonomy":"product_brand","embeddable":true,"href":"https:\/\/cosmeticshop.com.co\/index.php?rest_route=%2Fwp%2Fv2%2Fproduct_brand&post=577"},{"taxonomy":"product_cat","embeddable":true,"href":"https:\/\/cosmeticshop.com.co\/index.php?rest_route=%2Fwp%2Fv2%2Fproduct_cat&post=577"},{"taxonomy":"product_tag","embeddable":true,"href":"https:\/\/cosmeticshop.com.co\/index.php?rest_route=%2Fwp%2Fv2%2Fproduct_tag&post=577"}],"curies":[{"name":"wp","href":"https:\/\/api.w.org\/{rel}","templated":true}]}}