{"id":3285,"date":"2026-04-24T22:35:28","date_gmt":"2026-04-24T22:35:28","guid":{"rendered":"https:\/\/cosmeticshop.com.co\/?post_type=product&#038;p=3285"},"modified":"2026-04-24T22:35:28","modified_gmt":"2026-04-24T22:35:28","slug":"vela-aromatica-1-mecha","status":"publish","type":"product","link":"https:\/\/cosmeticshop.com.co\/?product=vela-aromatica-1-mecha","title":{"rendered":"Vela Arom\u00e1tica 1 Mecha"},"content":{"rendered":"<p>Su luz tenue aporta calidez, ayudando a crear una atm\u00f3sfera armoniosa perfecta para acompa\u00f1ar rutinas de autocuidado, lectura o relajaci\u00f3n. Adem\u00e1s, su combusti\u00f3n controlada permite disfrutar de un aroma delicado sin saturar el ambiente.<\/p>\n<p>Es ideal para quienes prefieren fragancias ligeras y un toque decorativo elegante en cualquier espacio.<\/p>\n","protected":false},"excerpt":{"rendered":"<p>Vela arom\u00e1tica de una mecha que crea un ambiente c\u00e1lido y relajante con una fragancia suave.<\/p>\n","protected":false},"featured_media":3291,"template":"","meta":{"_joinchat":[]},"product_brand":[86],"product_cat":[45,333],"product_tag":[],"class_list":{"0":"post-3285","1":"product","2":"type-product","3":"status-publish","4":"has-post-thumbnail","6":"product_brand-deli-bodi","7":"product_cat-accesorios","8":"product_cat-varios","10":"first","11":"instock","12":"sale","13":"shipping-taxable","14":"purchasable","15":"product-type-variable"},"_links":{"self":[{"href":"https:\/\/cosmeticshop.com.co\/index.php?rest_route=\/wp\/v2\/product\/3285","targetHints":{"allow":["GET"]}}],"collection":[{"href":"https:\/\/cosmeticshop.com.co\/index.php?rest_route=\/wp\/v2\/product"}],"about":[{"href":"https:\/\/cosmeticshop.com.co\/index.php?rest_route=\/wp\/v2\/types\/product"}],"wp:featuredmedia":[{"embeddable":true,"href":"https:\/\/cosmeticshop.com.co\/index.php?rest_route=\/wp\/v2\/media\/3291"}],"wp:attachment":[{"href":"https:\/\/cosmeticshop.com.co\/index.php?rest_route=%2Fwp%2Fv2%2Fmedia&parent=3285"}],"wp:term":[{"taxonomy":"product_brand","embeddable":true,"href":"https:\/\/cosmeticshop.com.co\/index.php?rest_route=%2Fwp%2Fv2%2Fproduct_brand&post=3285"},{"taxonomy":"product_cat","embeddable":true,"href":"https:\/\/cosmeticshop.com.co\/index.php?rest_route=%2Fwp%2Fv2%2Fproduct_cat&post=3285"},{"taxonomy":"product_tag","embeddable":true,"href":"https:\/\/cosmeticshop.com.co\/index.php?rest_route=%2Fwp%2Fv2%2Fproduct_tag&post=3285"}],"curies":[{"name":"wp","href":"https:\/\/api.w.org\/{rel}","templated":true}]}}