{"id":3209,"date":"2026-04-22T20:09:56","date_gmt":"2026-04-22T20:09:56","guid":{"rendered":"https:\/\/cosmeticshop.com.co\/?post_type=product&#038;p=3209"},"modified":"2026-04-22T20:10:10","modified_gmt":"2026-04-22T20:10:10","slug":"base-liquida-mate-2","status":"publish","type":"product","link":"https:\/\/cosmeticshop.com.co\/?product=base-liquida-mate-2","title":{"rendered":"Base L\u00edquida Mate"},"content":{"rendered":"<p>Ayuda a controlar el exceso de brillo, siendo ideal para pieles mixtas a grasas o para quienes buscan un acabado mate duradero durante el d\u00eda. Adem\u00e1s, permite construir la cobertura seg\u00fan la necesidad, logrando desde un look natural hasta uno m\u00e1s perfeccionado.<\/p>\n<p>Su textura facilita la aplicaci\u00f3n y difuminado, dejando la piel suave, uniforme y con una apariencia fresca. Es perfecta para el uso diario, ya que mejora el aspecto de la piel sin saturarla.<\/p>\n<p>Caracter\u00edsticas:<br \/>\n\u2022 Acabado mate natural<br \/>\n\u2022 Cobertura media modulable<br \/>\n\u2022 Textura ligera<br \/>\n\u2022 F\u00e1cil de difuminar<br \/>\n\u2022 Control de brillo<br \/>\n\u2022 Ideal para uso diario<\/p>\n<p>El resultado es una piel m\u00e1s uniforme, con menos brillo y un acabado mate natural que se mantiene por m\u00e1s tiempo.<\/p>\n","protected":false},"excerpt":{"rendered":"<p>Base l\u00edquida de acabado mate que unifica el tono, controla el brillo y protege la piel gracias a su SPF 15.<\/p>\n","protected":false},"featured_media":3224,"template":"","meta":{"_joinchat":[]},"product_brand":[276],"product_cat":[54,73],"product_tag":[],"class_list":{"0":"post-3209","1":"product","2":"type-product","3":"status-publish","4":"has-post-thumbnail","6":"product_brand-pretty","7":"product_cat-maquillaje","8":"product_cat-rostro","10":"first","11":"instock","12":"shipping-taxable","13":"purchasable","14":"product-type-variable"},"_links":{"self":[{"href":"https:\/\/cosmeticshop.com.co\/index.php?rest_route=\/wp\/v2\/product\/3209","targetHints":{"allow":["GET"]}}],"collection":[{"href":"https:\/\/cosmeticshop.com.co\/index.php?rest_route=\/wp\/v2\/product"}],"about":[{"href":"https:\/\/cosmeticshop.com.co\/index.php?rest_route=\/wp\/v2\/types\/product"}],"wp:featuredmedia":[{"embeddable":true,"href":"https:\/\/cosmeticshop.com.co\/index.php?rest_route=\/wp\/v2\/media\/3224"}],"wp:attachment":[{"href":"https:\/\/cosmeticshop.com.co\/index.php?rest_route=%2Fwp%2Fv2%2Fmedia&parent=3209"}],"wp:term":[{"taxonomy":"product_brand","embeddable":true,"href":"https:\/\/cosmeticshop.com.co\/index.php?rest_route=%2Fwp%2Fv2%2Fproduct_brand&post=3209"},{"taxonomy":"product_cat","embeddable":true,"href":"https:\/\/cosmeticshop.com.co\/index.php?rest_route=%2Fwp%2Fv2%2Fproduct_cat&post=3209"},{"taxonomy":"product_tag","embeddable":true,"href":"https:\/\/cosmeticshop.com.co\/index.php?rest_route=%2Fwp%2Fv2%2Fproduct_tag&post=3209"}],"curies":[{"name":"wp","href":"https:\/\/api.w.org\/{rel}","templated":true}]}}