{"id":3188,"date":"2026-04-21T21:45:56","date_gmt":"2026-04-21T21:45:56","guid":{"rendered":"https:\/\/cosmeticshop.com.co\/?post_type=product&#038;p=3188"},"modified":"2026-04-21T21:45:56","modified_gmt":"2026-04-21T21:45:56","slug":"crema-corporal-frutos-rojos","status":"publish","type":"product","link":"https:\/\/cosmeticshop.com.co\/?product=crema-corporal-frutos-rojos","title":{"rendered":"Crema Corporal Frutos Rojos"},"content":{"rendered":"<p>Gracias a su acci\u00f3n nutritiva, contribuye a prevenir el envejecimiento prematuro de la piel, ayudando a mantener su elasticidad y apariencia saludable. Adem\u00e1s, crea una barrera protectora que evita la p\u00e9rdida de hidrataci\u00f3n, manteniendo la piel cuidada y revitalizada.<\/p>\n<p>Beneficios:<br \/>\n\u2022 Acci\u00f3n antioxidante<br \/>\n\u2022 Ayuda a prevenir el envejecimiento prematuro<br \/>\n\u2022 Aporta luminosidad a la piel<br \/>\n\u2022 Revitaliza pieles apagadas<\/p>\n<p>Piel joven + glow<\/p>\n","protected":false},"excerpt":{"rendered":"<p>Crema corporal que hidrata, nutre y protege la piel, dej\u00e1ndola suave, luminosa y con una textura sedosa.<\/p>\n","protected":false},"featured_media":3191,"template":"","meta":{"_joinchat":[]},"product_brand":[295],"product_cat":[69,71],"product_tag":[],"class_list":{"0":"post-3188","1":"product","2":"type-product","3":"status-publish","4":"has-post-thumbnail","6":"product_brand-naturals","7":"product_cat-cuidado-corporal","8":"product_cat-hidratacion-profunda","10":"first","11":"instock","12":"shipping-taxable","13":"purchasable","14":"product-type-variable"},"_links":{"self":[{"href":"https:\/\/cosmeticshop.com.co\/index.php?rest_route=\/wp\/v2\/product\/3188","targetHints":{"allow":["GET"]}}],"collection":[{"href":"https:\/\/cosmeticshop.com.co\/index.php?rest_route=\/wp\/v2\/product"}],"about":[{"href":"https:\/\/cosmeticshop.com.co\/index.php?rest_route=\/wp\/v2\/types\/product"}],"wp:featuredmedia":[{"embeddable":true,"href":"https:\/\/cosmeticshop.com.co\/index.php?rest_route=\/wp\/v2\/media\/3191"}],"wp:attachment":[{"href":"https:\/\/cosmeticshop.com.co\/index.php?rest_route=%2Fwp%2Fv2%2Fmedia&parent=3188"}],"wp:term":[{"taxonomy":"product_brand","embeddable":true,"href":"https:\/\/cosmeticshop.com.co\/index.php?rest_route=%2Fwp%2Fv2%2Fproduct_brand&post=3188"},{"taxonomy":"product_cat","embeddable":true,"href":"https:\/\/cosmeticshop.com.co\/index.php?rest_route=%2Fwp%2Fv2%2Fproduct_cat&post=3188"},{"taxonomy":"product_tag","embeddable":true,"href":"https:\/\/cosmeticshop.com.co\/index.php?rest_route=%2Fwp%2Fv2%2Fproduct_tag&post=3188"}],"curies":[{"name":"wp","href":"https:\/\/api.w.org\/{rel}","templated":true}]}}