{"id":3149,"date":"2026-04-20T22:24:50","date_gmt":"2026-04-20T22:24:50","guid":{"rendered":"https:\/\/cosmeticshop.com.co\/?post_type=product&#038;p=3149"},"modified":"2026-04-20T22:25:23","modified_gmt":"2026-04-20T22:25:23","slug":"aceite-ricino","status":"publish","type":"product","link":"https:\/\/cosmeticshop.com.co\/?product=aceite-ricino","title":{"rendered":"Aceite Ricino"},"content":{"rendered":"<p>Este aceite de ricino 100% natural es ideal para fortalecer y estimular el crecimiento de tus pesta\u00f1as. Su f\u00f3rmula emoliente ayuda a nutrir, reestructurar y prevenir la ca\u00edda, promoviendo pesta\u00f1as m\u00e1s fuertes, largas y saludables. Adem\u00e1s, su uso en un masaje prolongado ofrece un momento de relajaci\u00f3n y aromaterapia, ayudando a reducir el estr\u00e9s y la ansiedad, transformando el cuidado de tus pesta\u00f1as en un ritual de bienestar y belleza.<\/p>\n","protected":false},"excerpt":{"rendered":"<p>Fortalece, nutre y estimula el crecimiento de las pesta\u00f1as con el poder natural del ricino. Un masaje relajante que tambi\u00e9n calma la mente.<\/p>\n","protected":false},"featured_media":3152,"template":"","meta":{"_joinchat":[]},"product_brand":[295],"product_cat":[22,59],"product_tag":[],"class_list":{"0":"post-3149","1":"product","2":"type-product","3":"status-publish","4":"has-post-thumbnail","6":"product_brand-naturals","7":"product_cat-cuidado-facial","8":"product_cat-tratamiento-cuidado-facial","10":"first","11":"instock","12":"shipping-taxable","13":"purchasable","14":"product-type-variable"},"_links":{"self":[{"href":"https:\/\/cosmeticshop.com.co\/index.php?rest_route=\/wp\/v2\/product\/3149","targetHints":{"allow":["GET"]}}],"collection":[{"href":"https:\/\/cosmeticshop.com.co\/index.php?rest_route=\/wp\/v2\/product"}],"about":[{"href":"https:\/\/cosmeticshop.com.co\/index.php?rest_route=\/wp\/v2\/types\/product"}],"wp:featuredmedia":[{"embeddable":true,"href":"https:\/\/cosmeticshop.com.co\/index.php?rest_route=\/wp\/v2\/media\/3152"}],"wp:attachment":[{"href":"https:\/\/cosmeticshop.com.co\/index.php?rest_route=%2Fwp%2Fv2%2Fmedia&parent=3149"}],"wp:term":[{"taxonomy":"product_brand","embeddable":true,"href":"https:\/\/cosmeticshop.com.co\/index.php?rest_route=%2Fwp%2Fv2%2Fproduct_brand&post=3149"},{"taxonomy":"product_cat","embeddable":true,"href":"https:\/\/cosmeticshop.com.co\/index.php?rest_route=%2Fwp%2Fv2%2Fproduct_cat&post=3149"},{"taxonomy":"product_tag","embeddable":true,"href":"https:\/\/cosmeticshop.com.co\/index.php?rest_route=%2Fwp%2Fv2%2Fproduct_tag&post=3149"}],"curies":[{"name":"wp","href":"https:\/\/api.w.org\/{rel}","templated":true}]}}