{"id":3122,"date":"2026-04-20T21:42:45","date_gmt":"2026-04-20T21:42:45","guid":{"rendered":"https:\/\/cosmeticshop.com.co\/?post_type=product&#038;p=3122"},"modified":"2026-04-20T21:42:45","modified_gmt":"2026-04-20T21:42:45","slug":"aceite-naranja","status":"publish","type":"product","link":"https:\/\/cosmeticshop.com.co\/?product=aceite-naranja","title":{"rendered":"Aceite Naranja"},"content":{"rendered":"<p>Este aceite natural, de textura ligera y no grasa, es perfecto para estimular las c\u00e9lulas de la epidermis y fortalecer la piel y el cabello. Su aroma aromaterap\u00e9utico ayuda a reducir el estr\u00e9s, mejorar la concentraci\u00f3n y promover un estado de bienestar general. <\/p>\n<p>Ideal para quienes buscan un producto vers\u00e1til, que combina cuidado personal con beneficios relajantes y energizantes.<\/p>\n","protected":false},"excerpt":{"rendered":"<p>Ligero y revitalizante. Ideal para activar la piel y el cabello, adem\u00e1s de aportar calma y concentraci\u00f3n.<\/p>\n","protected":false},"featured_media":3136,"template":"","meta":{"_joinchat":[]},"product_brand":[295],"product_cat":[69,71],"product_tag":[],"class_list":{"0":"post-3122","1":"product","2":"type-product","3":"status-publish","4":"has-post-thumbnail","6":"product_brand-naturals","7":"product_cat-cuidado-corporal","8":"product_cat-hidratacion-profunda","10":"first","11":"instock","12":"shipping-taxable","13":"purchasable","14":"product-type-variable"},"_links":{"self":[{"href":"https:\/\/cosmeticshop.com.co\/index.php?rest_route=\/wp\/v2\/product\/3122","targetHints":{"allow":["GET"]}}],"collection":[{"href":"https:\/\/cosmeticshop.com.co\/index.php?rest_route=\/wp\/v2\/product"}],"about":[{"href":"https:\/\/cosmeticshop.com.co\/index.php?rest_route=\/wp\/v2\/types\/product"}],"wp:featuredmedia":[{"embeddable":true,"href":"https:\/\/cosmeticshop.com.co\/index.php?rest_route=\/wp\/v2\/media\/3136"}],"wp:attachment":[{"href":"https:\/\/cosmeticshop.com.co\/index.php?rest_route=%2Fwp%2Fv2%2Fmedia&parent=3122"}],"wp:term":[{"taxonomy":"product_brand","embeddable":true,"href":"https:\/\/cosmeticshop.com.co\/index.php?rest_route=%2Fwp%2Fv2%2Fproduct_brand&post=3122"},{"taxonomy":"product_cat","embeddable":true,"href":"https:\/\/cosmeticshop.com.co\/index.php?rest_route=%2Fwp%2Fv2%2Fproduct_cat&post=3122"},{"taxonomy":"product_tag","embeddable":true,"href":"https:\/\/cosmeticshop.com.co\/index.php?rest_route=%2Fwp%2Fv2%2Fproduct_tag&post=3122"}],"curies":[{"name":"wp","href":"https:\/\/api.w.org\/{rel}","templated":true}]}}