{"id":3112,"date":"2026-04-20T15:12:12","date_gmt":"2026-04-20T15:12:12","guid":{"rendered":"https:\/\/cosmeticshop.com.co\/?post_type=product&#038;p=3112"},"modified":"2026-04-20T15:12:12","modified_gmt":"2026-04-20T15:12:12","slug":"aceite-maracuya","status":"publish","type":"product","link":"https:\/\/cosmeticshop.com.co\/?product=aceite-maracuya","title":{"rendered":"Aceite Maracuya"},"content":{"rendered":"<p>Nutre profundamente piel y cabello, humectando y ayudando a prevenir el envejecimiento cut\u00e1neo. Su efecto aromaterap\u00e9utico estimula los sentidos, promoviendo una sensaci\u00f3n de bienestar, relajaci\u00f3n y revitalizaci\u00f3n.<\/p>\n<p>El resultado es una piel y cabello nutridos, humectados y con una apariencia m\u00e1s joven y saludable, ideal para un momento de cuidado y relajaci\u00f3n total.<\/p>\n","protected":false},"excerpt":{"rendered":"<p>Emoliente, re-estructurante e hidratante de piel y cabello con efectos de aromaterapia, ideal para un masaje prolongado y liberador de estr\u00e9s.<br \/>\nNutre, humecta y evita el envejecimiento cut\u00e1neo.<\/p>\n","protected":false},"featured_media":3118,"template":"","meta":{"_joinchat":[]},"product_brand":[295],"product_cat":[69,71],"product_tag":[],"class_list":{"0":"post-3112","1":"product","2":"type-product","3":"status-publish","4":"has-post-thumbnail","6":"product_brand-naturals","7":"product_cat-cuidado-corporal","8":"product_cat-hidratacion-profunda","10":"first","11":"instock","12":"shipping-taxable","13":"purchasable","14":"product-type-variable"},"_links":{"self":[{"href":"https:\/\/cosmeticshop.com.co\/index.php?rest_route=\/wp\/v2\/product\/3112","targetHints":{"allow":["GET"]}}],"collection":[{"href":"https:\/\/cosmeticshop.com.co\/index.php?rest_route=\/wp\/v2\/product"}],"about":[{"href":"https:\/\/cosmeticshop.com.co\/index.php?rest_route=\/wp\/v2\/types\/product"}],"wp:featuredmedia":[{"embeddable":true,"href":"https:\/\/cosmeticshop.com.co\/index.php?rest_route=\/wp\/v2\/media\/3118"}],"wp:attachment":[{"href":"https:\/\/cosmeticshop.com.co\/index.php?rest_route=%2Fwp%2Fv2%2Fmedia&parent=3112"}],"wp:term":[{"taxonomy":"product_brand","embeddable":true,"href":"https:\/\/cosmeticshop.com.co\/index.php?rest_route=%2Fwp%2Fv2%2Fproduct_brand&post=3112"},{"taxonomy":"product_cat","embeddable":true,"href":"https:\/\/cosmeticshop.com.co\/index.php?rest_route=%2Fwp%2Fv2%2Fproduct_cat&post=3112"},{"taxonomy":"product_tag","embeddable":true,"href":"https:\/\/cosmeticshop.com.co\/index.php?rest_route=%2Fwp%2Fv2%2Fproduct_tag&post=3112"}],"curies":[{"name":"wp","href":"https:\/\/api.w.org\/{rel}","templated":true}]}}