{"id":3037,"date":"2026-04-15T22:33:28","date_gmt":"2026-04-15T22:33:28","guid":{"rendered":"https:\/\/cosmeticshop.com.co\/?product=tratamiento-anticaida-cell-force"},"modified":"2026-04-27T20:57:28","modified_gmt":"2026-04-27T20:57:28","slug":"tratamiento-anticaida-cell-force","status":"publish","type":"product","link":"https:\/\/cosmeticshop.com.co\/?product=tratamiento-anticaida-cell-force","title":{"rendered":"Tratamiento Antica\u00edda Cell Force"},"content":{"rendered":"<p>Gracias a su combinaci\u00f3n de activos, ayuda a fortalecer la fibra capilar, reducir la ca\u00edda y mejorar la densidad del cabello con el uso continuo. Adem\u00e1s, hidrata y calma el cuero cabelludo, siendo ideal incluso para pieles sensibles o irritadas.<\/p>\n<p>Su f\u00f3rmula est\u00e1 enriquecida con:<br \/>\n\u2022 Derivado de alerce glicosilado \u2192 estimula la actividad de las c\u00e9lulas madre en los fol\u00edculos capilares<br \/>\n\u2022 Extracto de t\u00e9 verde \u2192 reduce la inflamaci\u00f3n y ayuda a prevenir la ca\u00edda del cabello<br \/>\n\u2022 Zinc \u2192 fortalece la fibra capilar y mejora la estructura del cabello<br \/>\n\u2022 Arginina \u2192 hidrata y acondiciona el cuero cabelludo<br \/>\n\u2022 Vitamina PP (Niacinamida) \u2192 estimula la producci\u00f3n de queratina y mejora la funci\u00f3n del cuero cabelludo<\/p>\n<p>Su formato pr\u00e1ctico permite una aplicaci\u00f3n f\u00e1cil y precisa directamente en el cuero cabelludo, integr\u00e1ndose perfectamente en rutinas antica\u00edda tanto de choque como de mantenimiento.<\/p>\n","protected":false},"excerpt":{"rendered":"<p>Tratamiento antica\u00edda que estimula el crecimiento, fortalece la ra\u00edz y mejora la densidad del cabello.<\/p>\n","protected":false},"featured_media":3003,"template":"","meta":{"_joinchat":[]},"product_brand":[143],"product_cat":[63],"product_tag":[],"class_list":{"0":"post-3037","1":"product","2":"type-product","3":"status-publish","4":"has-post-thumbnail","6":"product_brand-mood","7":"product_cat-hidratacion-nutricion","9":"first","10":"instock","11":"shipping-taxable","12":"purchasable","13":"product-type-simple"},"_links":{"self":[{"href":"https:\/\/cosmeticshop.com.co\/index.php?rest_route=\/wp\/v2\/product\/3037","targetHints":{"allow":["GET"]}}],"collection":[{"href":"https:\/\/cosmeticshop.com.co\/index.php?rest_route=\/wp\/v2\/product"}],"about":[{"href":"https:\/\/cosmeticshop.com.co\/index.php?rest_route=\/wp\/v2\/types\/product"}],"wp:featuredmedia":[{"embeddable":true,"href":"https:\/\/cosmeticshop.com.co\/index.php?rest_route=\/wp\/v2\/media\/3003"}],"wp:attachment":[{"href":"https:\/\/cosmeticshop.com.co\/index.php?rest_route=%2Fwp%2Fv2%2Fmedia&parent=3037"}],"wp:term":[{"taxonomy":"product_brand","embeddable":true,"href":"https:\/\/cosmeticshop.com.co\/index.php?rest_route=%2Fwp%2Fv2%2Fproduct_brand&post=3037"},{"taxonomy":"product_cat","embeddable":true,"href":"https:\/\/cosmeticshop.com.co\/index.php?rest_route=%2Fwp%2Fv2%2Fproduct_cat&post=3037"},{"taxonomy":"product_tag","embeddable":true,"href":"https:\/\/cosmeticshop.com.co\/index.php?rest_route=%2Fwp%2Fv2%2Fproduct_tag&post=3037"}],"curies":[{"name":"wp","href":"https:\/\/api.w.org\/{rel}","templated":true}]}}