{"id":3034,"date":"2026-04-15T22:33:28","date_gmt":"2026-04-15T22:33:28","guid":{"rendered":"https:\/\/cosmeticshop.com.co\/?product=dream-curls-hd-mist"},"modified":"2026-04-15T22:35:14","modified_gmt":"2026-04-15T22:35:14","slug":"dream-curls-hd-mist","status":"publish","type":"product","link":"https:\/\/cosmeticshop.com.co\/?product=dream-curls-hd-mist","title":{"rendered":"Dream Curls HD Mist"},"content":{"rendered":"<p>Act\u00faa envolviendo cada hebra en un velo protector que disciplina el cabello, facilitando el peinado y aportando una definici\u00f3n m\u00e1s marcada y duradera. Adem\u00e1s, revitaliza los rizos apagados, devolvi\u00e9ndoles forma, suavidad y movimiento natural.<\/p>\n<p>Su f\u00f3rmula est\u00e1 enriquecida con:<br \/>\n\u2022 Agua de arroz hiperfermentada \u2192 ayuda a hidratar profundamente y mejorar la elasticidad del rizo<\/p>\n<p>Es ideal tanto para usar despu\u00e9s del lavado como para refrescar los rizos durante el d\u00eda, logrando un acabado m\u00e1s definido, brillante y con aspecto saludable sin sensaci\u00f3n r\u00edgida o pesada.<\/p>\n","protected":false},"excerpt":{"rendered":"<p>Spray leave-in que hidrata, define rizos y controla el frizz, dejando el cabello suave, el\u00e1stico y sin peso.<\/p>\n","protected":false},"featured_media":2987,"template":"","meta":{"_joinchat":[]},"product_brand":[143],"product_cat":[63],"product_tag":[],"class_list":{"0":"post-3034","1":"product","2":"type-product","3":"status-publish","4":"has-post-thumbnail","6":"product_brand-mood","7":"product_cat-hidratacion-nutricion","9":"first","10":"instock","11":"shipping-taxable","12":"purchasable","13":"product-type-simple"},"_links":{"self":[{"href":"https:\/\/cosmeticshop.com.co\/index.php?rest_route=\/wp\/v2\/product\/3034","targetHints":{"allow":["GET"]}}],"collection":[{"href":"https:\/\/cosmeticshop.com.co\/index.php?rest_route=\/wp\/v2\/product"}],"about":[{"href":"https:\/\/cosmeticshop.com.co\/index.php?rest_route=\/wp\/v2\/types\/product"}],"wp:featuredmedia":[{"embeddable":true,"href":"https:\/\/cosmeticshop.com.co\/index.php?rest_route=\/wp\/v2\/media\/2987"}],"wp:attachment":[{"href":"https:\/\/cosmeticshop.com.co\/index.php?rest_route=%2Fwp%2Fv2%2Fmedia&parent=3034"}],"wp:term":[{"taxonomy":"product_brand","embeddable":true,"href":"https:\/\/cosmeticshop.com.co\/index.php?rest_route=%2Fwp%2Fv2%2Fproduct_brand&post=3034"},{"taxonomy":"product_cat","embeddable":true,"href":"https:\/\/cosmeticshop.com.co\/index.php?rest_route=%2Fwp%2Fv2%2Fproduct_cat&post=3034"},{"taxonomy":"product_tag","embeddable":true,"href":"https:\/\/cosmeticshop.com.co\/index.php?rest_route=%2Fwp%2Fv2%2Fproduct_tag&post=3034"}],"curies":[{"name":"wp","href":"https:\/\/api.w.org\/{rel}","templated":true}]}}