{"id":3031,"date":"2026-04-15T22:33:28","date_gmt":"2026-04-15T22:33:28","guid":{"rendered":"https:\/\/cosmeticshop.com.co\/?product=shampoo-cell-force"},"modified":"2026-04-15T22:35:04","modified_gmt":"2026-04-15T22:35:04","slug":"shampoo-cell-force","status":"publish","type":"product","link":"https:\/\/cosmeticshop.com.co\/?product=shampoo-cell-force","title":{"rendered":"Shampoo Cell Force"},"content":{"rendered":"<p>Es ideal para uso frecuente, especialmente en cabellos finos o debilitados, ya que limpia suavemente sin agredir el cuero cabelludo. Adem\u00e1s, prepara el cabello para tratamientos antica\u00edda, potenciando sus resultados.<\/p>\n<p>Su f\u00f3rmula est\u00e1 enriquecida con:<br \/>\n\u2022 Vitamina PP (Niacinamida) \u2192 estimula la s\u00edntesis de queratina y fortalece el cabello<br \/>\n\u2022 Extracto de a\u00e7a\u00ed \u2192 antioxidante que protege y mejora la salud del cabello<br \/>\n\u2022 Pantenol (Provitamina B5) \u2192 hidrata, suaviza y ayuda a prevenir la rotura<\/p>\n<p>El resultado es un cabello m\u00e1s fuerte, con mayor vitalidad y una sensaci\u00f3n de limpieza y frescura desde la ra\u00edz.<\/p>\n","protected":false},"excerpt":{"rendered":"<p>Shampoo antica\u00edda que fortalece el cabello, estimula el cuero cabelludo y ayuda a prevenir la ca\u00edda.<\/p>\n","protected":false},"featured_media":2953,"template":"","meta":{"_joinchat":[]},"product_brand":[143],"product_cat":[62],"product_tag":[],"class_list":{"0":"post-3031","1":"product","2":"type-product","3":"status-publish","4":"has-post-thumbnail","6":"product_brand-mood","7":"product_cat-shampoo","9":"first","10":"instock","11":"shipping-taxable","12":"purchasable","13":"product-type-simple"},"_links":{"self":[{"href":"https:\/\/cosmeticshop.com.co\/index.php?rest_route=\/wp\/v2\/product\/3031","targetHints":{"allow":["GET"]}}],"collection":[{"href":"https:\/\/cosmeticshop.com.co\/index.php?rest_route=\/wp\/v2\/product"}],"about":[{"href":"https:\/\/cosmeticshop.com.co\/index.php?rest_route=\/wp\/v2\/types\/product"}],"wp:featuredmedia":[{"embeddable":true,"href":"https:\/\/cosmeticshop.com.co\/index.php?rest_route=\/wp\/v2\/media\/2953"}],"wp:attachment":[{"href":"https:\/\/cosmeticshop.com.co\/index.php?rest_route=%2Fwp%2Fv2%2Fmedia&parent=3031"}],"wp:term":[{"taxonomy":"product_brand","embeddable":true,"href":"https:\/\/cosmeticshop.com.co\/index.php?rest_route=%2Fwp%2Fv2%2Fproduct_brand&post=3031"},{"taxonomy":"product_cat","embeddable":true,"href":"https:\/\/cosmeticshop.com.co\/index.php?rest_route=%2Fwp%2Fv2%2Fproduct_cat&post=3031"},{"taxonomy":"product_tag","embeddable":true,"href":"https:\/\/cosmeticshop.com.co\/index.php?rest_route=%2Fwp%2Fv2%2Fproduct_tag&post=3031"}],"curies":[{"name":"wp","href":"https:\/\/api.w.org\/{rel}","templated":true}]}}