{"id":3029,"date":"2026-04-15T22:33:28","date_gmt":"2026-04-15T22:33:28","guid":{"rendered":"https:\/\/cosmeticshop.com.co\/?product=mousse-ultra-care"},"modified":"2026-04-15T22:34:51","modified_gmt":"2026-04-15T22:34:51","slug":"mousse-ultra-care","status":"publish","type":"product","link":"https:\/\/cosmeticshop.com.co\/?product=mousse-ultra-care","title":{"rendered":"Mousse Ultra Care"},"content":{"rendered":"<p>Est\u00e1 especialmente recomendada para cabellos tratados, decolorados o da\u00f1ados, ya que act\u00faa en profundidad ayudando a mejorar la estructura de la fibra capilar y devolviendo su apariencia saludable. Adem\u00e1s, crea una barrera protectora que ayuda a mantener la hidrataci\u00f3n y proteger el cabello frente a agresiones externas.<\/p>\n<p>Su f\u00f3rmula est\u00e1 enriquecida con:<br \/>\n\u2022 AVO-Complex (aceite de aguacate + az\u00facares naturales) \u2192 crea una barrera protectora y aporta hidrataci\u00f3n sin apelmazar<br \/>\n\u2022 Emolientes vegetales \u2192 suavizan el cabello y mejoran la manejabilidad<\/p>\n<p>Su f\u00f3rmula ligera evita el efecto pesado o r\u00edgido, aportando un acabado natural con movimiento, ideal para el uso diario o antes del secado.<\/p>\n","protected":false},"excerpt":{"rendered":"<p>Espuma capilar sin enjuague que hidrata, repara y protege el cabello, dej\u00e1ndolo suave, brillante y sin peso.<\/p>\n","protected":false},"featured_media":2950,"template":"","meta":{"_joinchat":[]},"product_brand":[143],"product_cat":[64],"product_tag":[],"class_list":{"0":"post-3029","1":"product","2":"type-product","3":"status-publish","4":"has-post-thumbnail","6":"product_brand-mood","7":"product_cat-tratamiento","9":"first","10":"instock","11":"shipping-taxable","12":"purchasable","13":"product-type-simple"},"_links":{"self":[{"href":"https:\/\/cosmeticshop.com.co\/index.php?rest_route=\/wp\/v2\/product\/3029","targetHints":{"allow":["GET"]}}],"collection":[{"href":"https:\/\/cosmeticshop.com.co\/index.php?rest_route=\/wp\/v2\/product"}],"about":[{"href":"https:\/\/cosmeticshop.com.co\/index.php?rest_route=\/wp\/v2\/types\/product"}],"wp:featuredmedia":[{"embeddable":true,"href":"https:\/\/cosmeticshop.com.co\/index.php?rest_route=\/wp\/v2\/media\/2950"}],"wp:attachment":[{"href":"https:\/\/cosmeticshop.com.co\/index.php?rest_route=%2Fwp%2Fv2%2Fmedia&parent=3029"}],"wp:term":[{"taxonomy":"product_brand","embeddable":true,"href":"https:\/\/cosmeticshop.com.co\/index.php?rest_route=%2Fwp%2Fv2%2Fproduct_brand&post=3029"},{"taxonomy":"product_cat","embeddable":true,"href":"https:\/\/cosmeticshop.com.co\/index.php?rest_route=%2Fwp%2Fv2%2Fproduct_cat&post=3029"},{"taxonomy":"product_tag","embeddable":true,"href":"https:\/\/cosmeticshop.com.co\/index.php?rest_route=%2Fwp%2Fv2%2Fproduct_tag&post=3029"}],"curies":[{"name":"wp","href":"https:\/\/api.w.org\/{rel}","templated":true}]}}