{"id":3028,"date":"2026-04-15T22:33:28","date_gmt":"2026-04-15T22:33:28","guid":{"rendered":"https:\/\/cosmeticshop.com.co\/?product=15-spray-protector"},"modified":"2026-04-15T22:34:45","modified_gmt":"2026-04-15T22:34:45","slug":"15-spray-protector","status":"publish","type":"product","link":"https:\/\/cosmeticshop.com.co\/?product=15-spray-protector","title":{"rendered":"15 Spray Protector"},"content":{"rendered":"<p>Act\u00faa como un protector antihumedad, ayudando a mantener el peinado intacto incluso en condiciones de lluvia o ambientes h\u00famedos. Adem\u00e1s, facilita el peinado al hacer el cabello m\u00e1s moldeable, permitiendo lograr estilos m\u00e1s definidos y duraderos.<\/p>\n<p>Su f\u00f3rmula est\u00e1 enriquecida con:<br \/>\n\u2022 Agente acondicionador protector \u2192 suaviza el cabello, mejora la manejabilidad y no deja residuos<br \/>\n\u2022 Pol\u00edmeros hidrof\u00f3bicos \u2192 crean una barrera antihumedad que controla el frizz<br \/>\n\u2022 Pantenol (Provitamina B5) \u2192 hidrata y protege el cabello durante el uso de herramientas t\u00e9rmicas<\/p>\n<p>Es perfecto para quienes buscan un acabado pulido, brillante y profesional, especialmente en cabellos medios a largos o con tendencia al frizz.<\/p>\n","protected":false},"excerpt":{"rendered":"<p>Spray capilar antihumedad que aporta brillo efecto espejo, controla el frizz y protege el cabello sin apelmazar.<\/p>\n","protected":false},"featured_media":2941,"template":"","meta":{"_joinchat":[]},"product_brand":[143],"product_cat":[67],"product_tag":[],"class_list":{"0":"post-3028","1":"product","2":"type-product","3":"status-publish","4":"has-post-thumbnail","6":"product_brand-mood","7":"product_cat-fijador-cera","9":"first","10":"instock","11":"shipping-taxable","12":"purchasable","13":"product-type-simple"},"_links":{"self":[{"href":"https:\/\/cosmeticshop.com.co\/index.php?rest_route=\/wp\/v2\/product\/3028","targetHints":{"allow":["GET"]}}],"collection":[{"href":"https:\/\/cosmeticshop.com.co\/index.php?rest_route=\/wp\/v2\/product"}],"about":[{"href":"https:\/\/cosmeticshop.com.co\/index.php?rest_route=\/wp\/v2\/types\/product"}],"wp:featuredmedia":[{"embeddable":true,"href":"https:\/\/cosmeticshop.com.co\/index.php?rest_route=\/wp\/v2\/media\/2941"}],"wp:attachment":[{"href":"https:\/\/cosmeticshop.com.co\/index.php?rest_route=%2Fwp%2Fv2%2Fmedia&parent=3028"}],"wp:term":[{"taxonomy":"product_brand","embeddable":true,"href":"https:\/\/cosmeticshop.com.co\/index.php?rest_route=%2Fwp%2Fv2%2Fproduct_brand&post=3028"},{"taxonomy":"product_cat","embeddable":true,"href":"https:\/\/cosmeticshop.com.co\/index.php?rest_route=%2Fwp%2Fv2%2Fproduct_cat&post=3028"},{"taxonomy":"product_tag","embeddable":true,"href":"https:\/\/cosmeticshop.com.co\/index.php?rest_route=%2Fwp%2Fv2%2Fproduct_tag&post=3028"}],"curies":[{"name":"wp","href":"https:\/\/api.w.org\/{rel}","templated":true}]}}