{"id":2977,"date":"2026-04-14T22:26:05","date_gmt":"2026-04-14T22:26:05","guid":{"rendered":"https:\/\/cosmeticshop.com.co\/?post_type=product&#038;p=2977"},"modified":"2026-04-14T22:26:05","modified_gmt":"2026-04-14T22:26:05","slug":"shampoo-ultra-care","status":"publish","type":"product","link":"https:\/\/cosmeticshop.com.co\/?product=shampoo-ultra-care","title":{"rendered":"Shampoo Ultra Care"},"content":{"rendered":"<p>Gracias a su f\u00f3rmula enriquecida, act\u00faa en profundidad ayudando a restaurar la estructura del cabello, mejorar su resistencia y devolverle su apariencia saludable. Adem\u00e1s, crea una barrera protectora que mantiene la hidrataci\u00f3n y evita la resequedad, dejando el cabello m\u00e1s suave, brillante y manejable.<\/p>\n<p>Su f\u00f3rmula est\u00e1 enriquecida con:<br \/>\n\u2022 AVO-Complex (aceite de aguacate + az\u00facares naturales) \u2192 crea una barrera protectora y aporta hidrataci\u00f3n sin apelmazar<br \/>\n\u2022 Queratina vegetal \u2192 repara y fortalece la fibra capilar desde el interior<br \/>\n\u2022 Pantenol (Provitamina B5) \u2192 hidrata, suaviza y mejora la elasticidad del cabello<\/p>\n<p>El resultado es un cabello m\u00e1s fuerte, hidratado, protegido y con un brillo natural.<\/p>\n","protected":false},"excerpt":{"rendered":"<p>Shampoo regenerador que limpia suavemente, hidrata y protege el cabello da\u00f1ado o tratado qu\u00edmicamente.<\/p>\n","protected":false},"featured_media":2980,"template":"","meta":{"_joinchat":[]},"product_brand":[143],"product_cat":[61,62],"product_tag":[],"class_list":{"0":"post-2977","1":"product","2":"type-product","3":"status-publish","4":"has-post-thumbnail","6":"product_brand-mood","7":"product_cat-cuidado-capilar","8":"product_cat-shampoo","10":"first","11":"instock","12":"shipping-taxable","13":"purchasable","14":"product-type-variable"},"_links":{"self":[{"href":"https:\/\/cosmeticshop.com.co\/index.php?rest_route=\/wp\/v2\/product\/2977","targetHints":{"allow":["GET"]}}],"collection":[{"href":"https:\/\/cosmeticshop.com.co\/index.php?rest_route=\/wp\/v2\/product"}],"about":[{"href":"https:\/\/cosmeticshop.com.co\/index.php?rest_route=\/wp\/v2\/types\/product"}],"wp:featuredmedia":[{"embeddable":true,"href":"https:\/\/cosmeticshop.com.co\/index.php?rest_route=\/wp\/v2\/media\/2980"}],"wp:attachment":[{"href":"https:\/\/cosmeticshop.com.co\/index.php?rest_route=%2Fwp%2Fv2%2Fmedia&parent=2977"}],"wp:term":[{"taxonomy":"product_brand","embeddable":true,"href":"https:\/\/cosmeticshop.com.co\/index.php?rest_route=%2Fwp%2Fv2%2Fproduct_brand&post=2977"},{"taxonomy":"product_cat","embeddable":true,"href":"https:\/\/cosmeticshop.com.co\/index.php?rest_route=%2Fwp%2Fv2%2Fproduct_cat&post=2977"},{"taxonomy":"product_tag","embeddable":true,"href":"https:\/\/cosmeticshop.com.co\/index.php?rest_route=%2Fwp%2Fv2%2Fproduct_tag&post=2977"}],"curies":[{"name":"wp","href":"https:\/\/api.w.org\/{rel}","templated":true}]}}