{"id":2969,"date":"2026-04-14T22:15:12","date_gmt":"2026-04-14T22:15:12","guid":{"rendered":"https:\/\/cosmeticshop.com.co\/?post_type=product&#038;p=2969"},"modified":"2026-04-14T22:15:12","modified_gmt":"2026-04-14T22:15:12","slug":"shampoo-keratin","status":"publish","type":"product","link":"https:\/\/cosmeticshop.com.co\/?product=shampoo-keratin","title":{"rendered":"Shampoo Keratin"},"content":{"rendered":"<p>Gracias a la queratina vegetal y su complejo mineral, act\u00faa fortaleciendo la fibra capilar y mejorando su resistencia, ayudando a prevenir la rotura y mantener la longitud del cabello sin necesidad de recortes constantes. Adem\u00e1s, deja el cabello m\u00e1s suave, manejable y f\u00e1cil de peinar desde la primera aplicaci\u00f3n.<\/p>\n<p>Su f\u00f3rmula est\u00e1 enriquecida con:<br \/>\n\u2022 Queratina vegetal \u2192 repara y fortalece la fibra capilar<br \/>\n\u2022 Multi-Mineral Complex \u2192 complejo de minerales (hierro, cobre, magnesio, silicio y zinc) que hidrata, mejora la elasticidad y fortalece el cabello<\/p>\n<p>Su f\u00f3rmula es ligera y no apelmaza, por lo que es ideal tanto para cabello natural como tratado qu\u00edmicamente, incluyendo cabellos con alisados o procesos de queratina.<\/p>\n","protected":false},"excerpt":{"rendered":"<p>Shampoo con queratina vegetal que limpia suavemente, repara y fortalece el cabello largo, ayudando a prevenir puntas abiertas.<\/p>\n","protected":false},"featured_media":2972,"template":"","meta":{"_joinchat":[]},"product_brand":[143],"product_cat":[61,62],"product_tag":[],"class_list":{"0":"post-2969","1":"product","2":"type-product","3":"status-publish","4":"has-post-thumbnail","6":"product_brand-mood","7":"product_cat-cuidado-capilar","8":"product_cat-shampoo","10":"first","11":"instock","12":"shipping-taxable","13":"purchasable","14":"product-type-variable"},"_links":{"self":[{"href":"https:\/\/cosmeticshop.com.co\/index.php?rest_route=\/wp\/v2\/product\/2969","targetHints":{"allow":["GET"]}}],"collection":[{"href":"https:\/\/cosmeticshop.com.co\/index.php?rest_route=\/wp\/v2\/product"}],"about":[{"href":"https:\/\/cosmeticshop.com.co\/index.php?rest_route=\/wp\/v2\/types\/product"}],"wp:featuredmedia":[{"embeddable":true,"href":"https:\/\/cosmeticshop.com.co\/index.php?rest_route=\/wp\/v2\/media\/2972"}],"wp:attachment":[{"href":"https:\/\/cosmeticshop.com.co\/index.php?rest_route=%2Fwp%2Fv2%2Fmedia&parent=2969"}],"wp:term":[{"taxonomy":"product_brand","embeddable":true,"href":"https:\/\/cosmeticshop.com.co\/index.php?rest_route=%2Fwp%2Fv2%2Fproduct_brand&post=2969"},{"taxonomy":"product_cat","embeddable":true,"href":"https:\/\/cosmeticshop.com.co\/index.php?rest_route=%2Fwp%2Fv2%2Fproduct_cat&post=2969"},{"taxonomy":"product_tag","embeddable":true,"href":"https:\/\/cosmeticshop.com.co\/index.php?rest_route=%2Fwp%2Fv2%2Fproduct_tag&post=2969"}],"curies":[{"name":"wp","href":"https:\/\/api.w.org\/{rel}","templated":true}]}}