{"id":2955,"date":"2026-04-14T20:10:12","date_gmt":"2026-04-14T20:10:12","guid":{"rendered":"https:\/\/cosmeticshop.com.co\/?post_type=product&#038;p=2955"},"modified":"2026-04-14T21:36:11","modified_gmt":"2026-04-14T21:36:11","slug":"shampoo-daily-care","status":"publish","type":"product","link":"https:\/\/cosmeticshop.com.co\/?product=shampoo-daily-care","title":{"rendered":"Shampoo Daily Care"},"content":{"rendered":"<p>Gracias a su combinaci\u00f3n de activos, aporta hidrataci\u00f3n y fortalecimiento, mejorando la estructura del cabello y facilitando el peinado. Es ideal para quienes necesitan lavar su cabello regularmente, ya que evita la resequedad y mantiene el cabello con una apariencia saludable y ligera.<\/p>\n<p>Su f\u00f3rmula est\u00e1 enriquecida con:<br \/>\n\u2022 Extracto de lichi \u2192 aporta hidrataci\u00f3n, energ\u00eda y acondicionamiento al cabello fino<br \/>\n\u2022 Pantenol (Provitamina B5) \u2192 hidrata y mejora la suavidad del cabello y cuero cabelludo<br \/>\n\u2022 Vitamina E \u2192 antioxidante que protege la fibra capilar<br \/>\n\u2022 Prote\u00ednas de trigo \u2192 fortalecen el cabello y mejoran su estructura<\/p>\n<p>Adem\u00e1s, ayuda a devolver vitalidad al cabello apagado, dej\u00e1ndolo m\u00e1s suave, brillante y con mejor manejabilidad sin sensaci\u00f3n pesada. Su uso continuo contribuye a un cabello m\u00e1s resistente, flexible y f\u00e1cil de peinar.<\/p>\n","protected":false},"excerpt":{"rendered":"<p>Shampoo de uso diario que limpia suavemente, hidrata y fortalece el cabello fino sin apelmazar.<\/p>\n","protected":false},"featured_media":2958,"template":"","meta":{"_joinchat":[]},"product_brand":[143],"product_cat":[61,62],"product_tag":[],"class_list":{"0":"post-2955","1":"product","2":"type-product","3":"status-publish","4":"has-post-thumbnail","6":"product_brand-mood","7":"product_cat-cuidado-capilar","8":"product_cat-shampoo","10":"first","11":"instock","12":"shipping-taxable","13":"purchasable","14":"product-type-variable"},"_links":{"self":[{"href":"https:\/\/cosmeticshop.com.co\/index.php?rest_route=\/wp\/v2\/product\/2955","targetHints":{"allow":["GET"]}}],"collection":[{"href":"https:\/\/cosmeticshop.com.co\/index.php?rest_route=\/wp\/v2\/product"}],"about":[{"href":"https:\/\/cosmeticshop.com.co\/index.php?rest_route=\/wp\/v2\/types\/product"}],"wp:featuredmedia":[{"embeddable":true,"href":"https:\/\/cosmeticshop.com.co\/index.php?rest_route=\/wp\/v2\/media\/2958"}],"wp:attachment":[{"href":"https:\/\/cosmeticshop.com.co\/index.php?rest_route=%2Fwp%2Fv2%2Fmedia&parent=2955"}],"wp:term":[{"taxonomy":"product_brand","embeddable":true,"href":"https:\/\/cosmeticshop.com.co\/index.php?rest_route=%2Fwp%2Fv2%2Fproduct_brand&post=2955"},{"taxonomy":"product_cat","embeddable":true,"href":"https:\/\/cosmeticshop.com.co\/index.php?rest_route=%2Fwp%2Fv2%2Fproduct_cat&post=2955"},{"taxonomy":"product_tag","embeddable":true,"href":"https:\/\/cosmeticshop.com.co\/index.php?rest_route=%2Fwp%2Fv2%2Fproduct_tag&post=2955"}],"curies":[{"name":"wp","href":"https:\/\/api.w.org\/{rel}","templated":true}]}}