{"id":2915,"date":"2026-04-13T22:16:42","date_gmt":"2026-04-13T22:16:42","guid":{"rendered":"https:\/\/cosmeticshop.com.co\/?post_type=product&#038;p=2915"},"modified":"2026-04-14T19:47:52","modified_gmt":"2026-04-14T19:47:52","slug":"mascarilla-intense-repair","status":"publish","type":"product","link":"https:\/\/cosmeticshop.com.co\/?product=mascarilla-intense-repair","title":{"rendered":"Mascarilla Intense Repair"},"content":{"rendered":"<p>Gracias a su combinaci\u00f3n de activos, ayuda a mejorar la estructura del cabello, fortaleci\u00e9ndolo desde el interior y devolvi\u00e9ndole su apariencia saludable. Adem\u00e1s, contribuye a reducir la fragilidad y mejorar la resistencia de la fibra capilar, dejando el cabello m\u00e1s suave, brillante y manejable.<\/p>\n<p>Su f\u00f3rmula rica y cremosa est\u00e1 enriquecida con:<br \/>\n\u2022 Aceite de ar\u00e1ndano \u2192 hidrata, nutre y aporta brillo<br \/>\n\u2022 Vitaminas y pantenol (B5) \u2192 fortalecen y mejoran la elasticidad<br \/>\n\u2022 Prote\u00ednas vegetales \u2192 penetran en la fibra capilar para reparar desde el interior<\/p>\n<p>El resultado es un cabello visiblemente m\u00e1s fuerte, hidratado y con brillo natural desde las primeras aplicaciones.<\/p>\n","protected":false},"excerpt":{"rendered":"<p>Mascarilla capilar reparadora que nutre, hidrata y fortalece el cabello da\u00f1ado, dej\u00e1ndolo m\u00e1s suave, brillante y resistente.<\/p>\n","protected":false},"featured_media":2925,"template":"","meta":{"_joinchat":[]},"product_brand":[143],"product_cat":[61,63],"product_tag":[],"class_list":{"0":"post-2915","1":"product","2":"type-product","3":"status-publish","4":"has-post-thumbnail","6":"product_brand-mood","7":"product_cat-cuidado-capilar","8":"product_cat-hidratacion-nutricion","10":"first","11":"instock","12":"shipping-taxable","13":"purchasable","14":"product-type-variable"},"_links":{"self":[{"href":"https:\/\/cosmeticshop.com.co\/index.php?rest_route=\/wp\/v2\/product\/2915","targetHints":{"allow":["GET"]}}],"collection":[{"href":"https:\/\/cosmeticshop.com.co\/index.php?rest_route=\/wp\/v2\/product"}],"about":[{"href":"https:\/\/cosmeticshop.com.co\/index.php?rest_route=\/wp\/v2\/types\/product"}],"wp:featuredmedia":[{"embeddable":true,"href":"https:\/\/cosmeticshop.com.co\/index.php?rest_route=\/wp\/v2\/media\/2925"}],"wp:attachment":[{"href":"https:\/\/cosmeticshop.com.co\/index.php?rest_route=%2Fwp%2Fv2%2Fmedia&parent=2915"}],"wp:term":[{"taxonomy":"product_brand","embeddable":true,"href":"https:\/\/cosmeticshop.com.co\/index.php?rest_route=%2Fwp%2Fv2%2Fproduct_brand&post=2915"},{"taxonomy":"product_cat","embeddable":true,"href":"https:\/\/cosmeticshop.com.co\/index.php?rest_route=%2Fwp%2Fv2%2Fproduct_cat&post=2915"},{"taxonomy":"product_tag","embeddable":true,"href":"https:\/\/cosmeticshop.com.co\/index.php?rest_route=%2Fwp%2Fv2%2Fproduct_tag&post=2915"}],"curies":[{"name":"wp","href":"https:\/\/api.w.org\/{rel}","templated":true}]}}