{"id":2908,"date":"2026-04-13T21:34:50","date_gmt":"2026-04-13T21:34:50","guid":{"rendered":"https:\/\/cosmeticshop.com.co\/?product=locion-primaria-purificante"},"modified":"2026-04-13T21:35:45","modified_gmt":"2026-04-13T21:35:45","slug":"locion-primaria-purificante","status":"publish","type":"product","link":"https:\/\/cosmeticshop.com.co\/?product=locion-primaria-purificante","title":{"rendered":"Locion Primaria Purificante"},"content":{"rendered":"<p>Su f\u00f3rmula con gluconato de zinc act\u00faa eficazmente eliminando tanto la caspa seca como la grasa, mientras que sus activos naturales ayudan a purificar y mantener el equilibrio del cuero cabelludo.<\/p>\n<p>Beneficios:<br \/>\n\u2022 Elimina la caspa (seca y grasa)<br \/>\n\u2022 Previene su reaparici\u00f3n<br \/>\n\u2022 Regula el exceso de grasa<br \/>\n\u2022 Purifica el cuero cabelludo<br \/>\n\u2022 Refuerza el equilibrio del microbioma<br \/>\n\u2022 Protecci\u00f3n antipoluci\u00f3n<\/p>\n<p>Adem\u00e1s, contiene prebi\u00f3ticos, que fortalecen el microbioma de la piel, mejorando las defensas naturales y promoviendo un cuero cabelludo m\u00e1s sano. Tambi\u00e9n incorpora un complejo antipoluci\u00f3n que protege contra agentes externos que pueden agravar problemas como la descamaci\u00f3n.<\/p>\n","protected":false},"excerpt":{"rendered":"<p>Loci\u00f3n capilar purificante sin enjuague que elimina la caspa, equilibra el cuero cabelludo y previene su reaparici\u00f3n.<\/p>\n","protected":false},"featured_media":2834,"template":"","meta":{"_joinchat":[]},"product_brand":[144],"product_cat":[64],"product_tag":[],"class_list":{"0":"post-2908","1":"product","2":"type-product","3":"status-publish","4":"has-post-thumbnail","6":"product_brand-elgon","7":"product_cat-tratamiento","9":"first","10":"instock","11":"shipping-taxable","12":"purchasable","13":"product-type-simple"},"_links":{"self":[{"href":"https:\/\/cosmeticshop.com.co\/index.php?rest_route=\/wp\/v2\/product\/2908","targetHints":{"allow":["GET"]}}],"collection":[{"href":"https:\/\/cosmeticshop.com.co\/index.php?rest_route=\/wp\/v2\/product"}],"about":[{"href":"https:\/\/cosmeticshop.com.co\/index.php?rest_route=\/wp\/v2\/types\/product"}],"wp:featuredmedia":[{"embeddable":true,"href":"https:\/\/cosmeticshop.com.co\/index.php?rest_route=\/wp\/v2\/media\/2834"}],"wp:attachment":[{"href":"https:\/\/cosmeticshop.com.co\/index.php?rest_route=%2Fwp%2Fv2%2Fmedia&parent=2908"}],"wp:term":[{"taxonomy":"product_brand","embeddable":true,"href":"https:\/\/cosmeticshop.com.co\/index.php?rest_route=%2Fwp%2Fv2%2Fproduct_brand&post=2908"},{"taxonomy":"product_cat","embeddable":true,"href":"https:\/\/cosmeticshop.com.co\/index.php?rest_route=%2Fwp%2Fv2%2Fproduct_cat&post=2908"},{"taxonomy":"product_tag","embeddable":true,"href":"https:\/\/cosmeticshop.com.co\/index.php?rest_route=%2Fwp%2Fv2%2Fproduct_tag&post=2908"}],"curies":[{"name":"wp","href":"https:\/\/api.w.org\/{rel}","templated":true}]}}