{"id":2907,"date":"2026-04-13T21:34:50","date_gmt":"2026-04-13T21:34:50","guid":{"rendered":"https:\/\/cosmeticshop.com.co\/?product=aceite-link-d-bond-nourishing"},"modified":"2026-04-13T21:35:38","modified_gmt":"2026-04-13T21:35:38","slug":"aceite-link-d-bond-nourishing","status":"publish","type":"product","link":"https:\/\/cosmeticshop.com.co\/?product=aceite-link-d-bond-nourishing","title":{"rendered":"Aceite Link-D Bond Nourishing"},"content":{"rendered":"<p>Act\u00faa como un aceite seco ultraligero, que nutre y protege la fibra capilar sin dejar sensaci\u00f3n grasa. Ayuda a reducir el frizz, prevenir la resequedad y proteger el cabello frente a la decoloraci\u00f3n y factores externos.<\/p>\n<p>Beneficios:<br \/>\n\u2022 Nutrici\u00f3n ligera sin efecto graso<br \/>\n\u2022 Aporta brillo natural inmediato<br \/>\n\u2022 Reduce el frizz<br \/>\n\u2022 Protege contra deshidrataci\u00f3n y decoloraci\u00f3n<br \/>\n\u2022 Mejora la suavidad y manejabilidad<\/p>\n<p>Es el producto ideal como \u00faltimo paso para sellar tratamientos, mejorar el acabado y mantener el cabello protegido.<\/p>\n","protected":false},"excerpt":{"rendered":"<p>Aceite seco sin enjuague que nutre, protege y aporta brillo, ideal como paso final en rutinas de reparaci\u00f3n capilar.<\/p>\n","protected":false},"featured_media":2832,"template":"","meta":{"_joinchat":[]},"product_brand":[144],"product_cat":[63],"product_tag":[],"class_list":{"0":"post-2907","1":"product","2":"type-product","3":"status-publish","4":"has-post-thumbnail","6":"product_brand-elgon","7":"product_cat-hidratacion-nutricion","9":"first","10":"instock","11":"shipping-taxable","12":"purchasable","13":"product-type-simple"},"_links":{"self":[{"href":"https:\/\/cosmeticshop.com.co\/index.php?rest_route=\/wp\/v2\/product\/2907","targetHints":{"allow":["GET"]}}],"collection":[{"href":"https:\/\/cosmeticshop.com.co\/index.php?rest_route=\/wp\/v2\/product"}],"about":[{"href":"https:\/\/cosmeticshop.com.co\/index.php?rest_route=\/wp\/v2\/types\/product"}],"wp:featuredmedia":[{"embeddable":true,"href":"https:\/\/cosmeticshop.com.co\/index.php?rest_route=\/wp\/v2\/media\/2832"}],"wp:attachment":[{"href":"https:\/\/cosmeticshop.com.co\/index.php?rest_route=%2Fwp%2Fv2%2Fmedia&parent=2907"}],"wp:term":[{"taxonomy":"product_brand","embeddable":true,"href":"https:\/\/cosmeticshop.com.co\/index.php?rest_route=%2Fwp%2Fv2%2Fproduct_brand&post=2907"},{"taxonomy":"product_cat","embeddable":true,"href":"https:\/\/cosmeticshop.com.co\/index.php?rest_route=%2Fwp%2Fv2%2Fproduct_cat&post=2907"},{"taxonomy":"product_tag","embeddable":true,"href":"https:\/\/cosmeticshop.com.co\/index.php?rest_route=%2Fwp%2Fv2%2Fproduct_tag&post=2907"}],"curies":[{"name":"wp","href":"https:\/\/api.w.org\/{rel}","templated":true}]}}