{"id":2905,"date":"2026-04-13T21:34:50","date_gmt":"2026-04-13T21:34:50","guid":{"rendered":"https:\/\/cosmeticshop.com.co\/?product=argan-olio-supremo"},"modified":"2026-04-13T21:35:22","modified_gmt":"2026-04-13T21:35:22","slug":"argan-olio-supremo","status":"publish","type":"product","link":"https:\/\/cosmeticshop.com.co\/?product=argan-olio-supremo","title":{"rendered":"Argan Olio Supremo"},"content":{"rendered":"<p>Est\u00e1 formulado con aceite de arg\u00e1n, conocido por sus propiedades altamente nutritivas, y enriquecido con un complejo de \u00e1cido hialur\u00f3nico y queratina vegetal, que ayudan a mantener el cabello saludable, el\u00e1stico y protegido. Su textura ligera y brillante deja un acabado ultraluminoso sin sensaci\u00f3n pesada, mientras protege el cabello frente a factores externos como el sol gracias a sus filtros UV.<\/p>\n<p>Beneficios:<br \/>\n\u2022 Nutrici\u00f3n profunda para cabellos secos<br \/>\n\u2022 Brillo intenso efecto luminoso<br \/>\n\u2022 Controla el frizz<br \/>\n\u2022 Aporta suavidad y sedosidad<br \/>\n\u2022 Protecci\u00f3n contra agentes externos y rayos UV<\/p>\n","protected":false},"excerpt":{"rendered":"<p>Aceite capilar nutritivo que aporta brillo intenso, suavidad y protecci\u00f3n, ideal para cabellos secos, opacos o maltratados.<\/p>\n","protected":false},"featured_media":2827,"template":"","meta":{"_joinchat":[]},"product_brand":[144],"product_cat":[63],"product_tag":[],"class_list":{"0":"post-2905","1":"product","2":"type-product","3":"status-publish","4":"has-post-thumbnail","6":"product_brand-elgon","7":"product_cat-hidratacion-nutricion","9":"first","10":"instock","11":"shipping-taxable","12":"purchasable","13":"product-type-simple"},"_links":{"self":[{"href":"https:\/\/cosmeticshop.com.co\/index.php?rest_route=\/wp\/v2\/product\/2905","targetHints":{"allow":["GET"]}}],"collection":[{"href":"https:\/\/cosmeticshop.com.co\/index.php?rest_route=\/wp\/v2\/product"}],"about":[{"href":"https:\/\/cosmeticshop.com.co\/index.php?rest_route=\/wp\/v2\/types\/product"}],"wp:featuredmedia":[{"embeddable":true,"href":"https:\/\/cosmeticshop.com.co\/index.php?rest_route=\/wp\/v2\/media\/2827"}],"wp:attachment":[{"href":"https:\/\/cosmeticshop.com.co\/index.php?rest_route=%2Fwp%2Fv2%2Fmedia&parent=2905"}],"wp:term":[{"taxonomy":"product_brand","embeddable":true,"href":"https:\/\/cosmeticshop.com.co\/index.php?rest_route=%2Fwp%2Fv2%2Fproduct_brand&post=2905"},{"taxonomy":"product_cat","embeddable":true,"href":"https:\/\/cosmeticshop.com.co\/index.php?rest_route=%2Fwp%2Fv2%2Fproduct_cat&post=2905"},{"taxonomy":"product_tag","embeddable":true,"href":"https:\/\/cosmeticshop.com.co\/index.php?rest_route=%2Fwp%2Fv2%2Fproduct_tag&post=2905"}],"curies":[{"name":"wp","href":"https:\/\/api.w.org\/{rel}","templated":true}]}}