{"id":2902,"date":"2026-04-13T21:34:49","date_gmt":"2026-04-13T21:34:49","guid":{"rendered":"https:\/\/cosmeticshop.com.co\/?product=tratamiento-capilar-link-d-n-4"},"modified":"2026-04-13T21:36:41","modified_gmt":"2026-04-13T21:36:41","slug":"tratamiento-capilar-link-d-n-4","status":"publish","type":"product","link":"https:\/\/cosmeticshop.com.co\/?product=tratamiento-capilar-link-d-n-4","title":{"rendered":"Tratamiento Capilar Link-D N.4"},"content":{"rendered":"<p>Act\u00faa sellando la cut\u00edcula y formando una barrera protectora que ayuda a conservar la hidrataci\u00f3n, mejorar la resistencia del cabello y evitar la p\u00e9rdida de color. Est\u00e1 enriquecido con un complejo de queratina, extracto de bamb\u00fa y enzimas, que fortalecen la fibra capilar y ayudan a reconstruir los enlaces internos del cabello.<\/p>\n<p>Beneficios:<br \/>\n\u2022 Sella la fibra capilar y prolonga tratamientos qu\u00edmicos<br \/>\n\u2022 Hidrata profundamente sin enjuague<br \/>\n\u2022 Fortalece el cabello da\u00f1ado<br \/>\n\u2022 Protege contra rayos UV y calor<br \/>\n\u2022 Reduce la p\u00e9rdida de color<\/p>\n<p>Adem\u00e1s, aporta brillo, suavidad y protecci\u00f3n frente a los rayos UV, convirti\u00e9ndose en el paso final ideal dentro de una rutina de reconstrucci\u00f3n capilar.<\/p>\n","protected":false},"excerpt":{"rendered":"<p>Tratamiento sin enjuague que sella la fibra capilar, hidrata profundamente y protege el cabello frente al da\u00f1o qu\u00edmico, t\u00e9rmico y ambiental.<\/p>\n","protected":false},"featured_media":2816,"template":"","meta":{"_joinchat":[]},"product_brand":[144],"product_cat":[64],"product_tag":[],"class_list":{"0":"post-2902","1":"product","2":"type-product","3":"status-publish","4":"has-post-thumbnail","6":"product_brand-elgon","7":"product_cat-tratamiento","9":"first","10":"instock","11":"shipping-taxable","12":"purchasable","13":"product-type-simple"},"_links":{"self":[{"href":"https:\/\/cosmeticshop.com.co\/index.php?rest_route=\/wp\/v2\/product\/2902","targetHints":{"allow":["GET"]}}],"collection":[{"href":"https:\/\/cosmeticshop.com.co\/index.php?rest_route=\/wp\/v2\/product"}],"about":[{"href":"https:\/\/cosmeticshop.com.co\/index.php?rest_route=\/wp\/v2\/types\/product"}],"wp:featuredmedia":[{"embeddable":true,"href":"https:\/\/cosmeticshop.com.co\/index.php?rest_route=\/wp\/v2\/media\/2816"}],"wp:attachment":[{"href":"https:\/\/cosmeticshop.com.co\/index.php?rest_route=%2Fwp%2Fv2%2Fmedia&parent=2902"}],"wp:term":[{"taxonomy":"product_brand","embeddable":true,"href":"https:\/\/cosmeticshop.com.co\/index.php?rest_route=%2Fwp%2Fv2%2Fproduct_brand&post=2902"},{"taxonomy":"product_cat","embeddable":true,"href":"https:\/\/cosmeticshop.com.co\/index.php?rest_route=%2Fwp%2Fv2%2Fproduct_cat&post=2902"},{"taxonomy":"product_tag","embeddable":true,"href":"https:\/\/cosmeticshop.com.co\/index.php?rest_route=%2Fwp%2Fv2%2Fproduct_tag&post=2902"}],"curies":[{"name":"wp","href":"https:\/\/api.w.org\/{rel}","templated":true}]}}