{"id":2901,"date":"2026-04-13T21:34:49","date_gmt":"2026-04-13T21:34:49","guid":{"rendered":"https:\/\/cosmeticshop.com.co\/?product=locion-capilar-gh-reverse"},"modified":"2026-04-13T21:36:36","modified_gmt":"2026-04-13T21:36:36","slug":"locion-capilar-gh-reverse","status":"publish","type":"product","link":"https:\/\/cosmeticshop.com.co\/?product=locion-capilar-gh-reverse","title":{"rendered":"Locion Capilar Gh-Reverse"},"content":{"rendered":"<p>Su f\u00f3rmula avanzada act\u00faa directamente sobre el cuero cabelludo, ayudando a reducir el estr\u00e9s oxidativo y estimular los procesos naturales relacionados con la pigmentaci\u00f3n del cabello. Esto contribuye a retrasar la aparici\u00f3n de canas y mantener un color m\u00e1s uniforme por m\u00e1s tiempo.<\/p>\n<p>Beneficios:<br \/>\n\u2022 Ayuda a prevenir y retrasar las canas<br \/>\n\u2022 Mejora la pigmentaci\u00f3n natural del cabello<br \/>\n\u2022 Fortalece desde la ra\u00edz<br \/>\n\u2022 Aporta vitalidad y resistencia<br \/>\n\u2022 Tratamiento intensivo de uso continuo<\/p>\n<p>Es ideal como tratamiento continuo dentro de una rutina anticanas.<\/p>\n","protected":false},"excerpt":{"rendered":"<p>Loci\u00f3n capilar intensiva que ayuda a prevenir y retrasar la aparici\u00f3n de canas, fortaleciendo el cabello y mejorando su salud desde la ra\u00edz.<\/p>\n","protected":false},"featured_media":2815,"template":"","meta":{"_joinchat":[]},"product_brand":[144],"product_cat":[64],"product_tag":[],"class_list":{"0":"post-2901","1":"product","2":"type-product","3":"status-publish","4":"has-post-thumbnail","6":"product_brand-elgon","7":"product_cat-tratamiento","9":"first","10":"instock","11":"shipping-taxable","12":"purchasable","13":"product-type-simple"},"_links":{"self":[{"href":"https:\/\/cosmeticshop.com.co\/index.php?rest_route=\/wp\/v2\/product\/2901","targetHints":{"allow":["GET"]}}],"collection":[{"href":"https:\/\/cosmeticshop.com.co\/index.php?rest_route=\/wp\/v2\/product"}],"about":[{"href":"https:\/\/cosmeticshop.com.co\/index.php?rest_route=\/wp\/v2\/types\/product"}],"wp:featuredmedia":[{"embeddable":true,"href":"https:\/\/cosmeticshop.com.co\/index.php?rest_route=\/wp\/v2\/media\/2815"}],"wp:attachment":[{"href":"https:\/\/cosmeticshop.com.co\/index.php?rest_route=%2Fwp%2Fv2%2Fmedia&parent=2901"}],"wp:term":[{"taxonomy":"product_brand","embeddable":true,"href":"https:\/\/cosmeticshop.com.co\/index.php?rest_route=%2Fwp%2Fv2%2Fproduct_brand&post=2901"},{"taxonomy":"product_cat","embeddable":true,"href":"https:\/\/cosmeticshop.com.co\/index.php?rest_route=%2Fwp%2Fv2%2Fproduct_cat&post=2901"},{"taxonomy":"product_tag","embeddable":true,"href":"https:\/\/cosmeticshop.com.co\/index.php?rest_route=%2Fwp%2Fv2%2Fproduct_tag&post=2901"}],"curies":[{"name":"wp","href":"https:\/\/api.w.org\/{rel}","templated":true}]}}