{"id":290,"date":"2021-04-12T16:47:14","date_gmt":"2021-04-12T16:47:14","guid":{"rendered":"https:\/\/startersites.io\/blocksy\/homi\/?post_type=product&#038;p=290"},"modified":"2026-03-21T15:45:43","modified_gmt":"2026-03-21T15:45:43","slug":"secador-power-pro","status":"publish","type":"product","link":"https:\/\/cosmeticshop.com.co\/?product=secador-power-pro","title":{"rendered":"Secador Power Pro"},"content":{"rendered":"<p>Secador de cabello profesional de 1450W que ofrece una potente r\u00e1faga de aire gracias a su motor de corriente alterna, permitiendo reducir significativamente el tiempo de secado.<\/p>\n<p>Cuenta con tres niveles de calor y dos velocidades, adapt\u00e1ndose a diferentes tipos de cabello para un secado m\u00e1s eficiente y con menor da\u00f1o. Su tecnolog\u00eda de iones negativos, activada por el calor, ayuda a disminuir el frizz y la est\u00e1tica, manteniendo la hidrataci\u00f3n natural del cabello.<\/p>\n<p>Incluye funci\u00f3n de aire fr\u00edo para fijar el peinado, adem\u00e1s de 2 boquillas concentradoras para mayor precisi\u00f3n y un difusor ideal para controlar el encrespamiento. Su cable giratorio de 360\u00b0 y 3 metros de longitud brinda mayor comodidad y libertad de movimiento durante el uso.<\/p>\n","protected":false},"excerpt":{"rendered":"<p>Secador profesional de 1450W con tecnolog\u00eda i\u00f3nica, m\u00faltiples ajustes y accesorios incluidos.<\/p>\n","protected":false},"featured_media":944,"template":"","meta":{"_joinchat":[]},"product_brand":[34],"product_cat":[45,49],"product_tag":[],"class_list":{"0":"post-290","1":"product","2":"type-product","3":"status-publish","4":"has-post-thumbnail","6":"product_brand-aurora-vibes","7":"product_cat-accesorios","8":"product_cat-electricos","10":"first","11":"instock","12":"shipping-taxable","13":"purchasable","14":"product-type-simple"},"_links":{"self":[{"href":"https:\/\/cosmeticshop.com.co\/index.php?rest_route=\/wp\/v2\/product\/290","targetHints":{"allow":["GET"]}}],"collection":[{"href":"https:\/\/cosmeticshop.com.co\/index.php?rest_route=\/wp\/v2\/product"}],"about":[{"href":"https:\/\/cosmeticshop.com.co\/index.php?rest_route=\/wp\/v2\/types\/product"}],"wp:featuredmedia":[{"embeddable":true,"href":"https:\/\/cosmeticshop.com.co\/index.php?rest_route=\/wp\/v2\/media\/944"}],"wp:attachment":[{"href":"https:\/\/cosmeticshop.com.co\/index.php?rest_route=%2Fwp%2Fv2%2Fmedia&parent=290"}],"wp:term":[{"taxonomy":"product_brand","embeddable":true,"href":"https:\/\/cosmeticshop.com.co\/index.php?rest_route=%2Fwp%2Fv2%2Fproduct_brand&post=290"},{"taxonomy":"product_cat","embeddable":true,"href":"https:\/\/cosmeticshop.com.co\/index.php?rest_route=%2Fwp%2Fv2%2Fproduct_cat&post=290"},{"taxonomy":"product_tag","embeddable":true,"href":"https:\/\/cosmeticshop.com.co\/index.php?rest_route=%2Fwp%2Fv2%2Fproduct_tag&post=290"}],"curies":[{"name":"wp","href":"https:\/\/api.w.org\/{rel}","templated":true}]}}