{"id":2899,"date":"2026-04-13T21:34:49","date_gmt":"2026-04-13T21:34:49","guid":{"rendered":"https:\/\/cosmeticshop.com.co\/?product=acondicionador-suncare-hydra-milk"},"modified":"2026-04-13T21:36:24","modified_gmt":"2026-04-13T21:36:24","slug":"acondicionador-suncare-hydra-milk","status":"publish","type":"product","link":"https:\/\/cosmeticshop.com.co\/?product=acondicionador-suncare-hydra-milk","title":{"rendered":"Acondicionador Suncare Hydra Milk"},"content":{"rendered":"<p>Su f\u00f3rmula ligera ayuda a desenredar f\u00e1cilmente, restaurar la suavidad y mantener el equilibrio natural del cabello gracias a su pH 4.5. Adem\u00e1s, protege la fibra capilar de los da\u00f1os ambientales, evitando la resequedad y el quiebre.<\/p>\n<p>Beneficios:<br \/>\n\u2022 Hidrataci\u00f3n ligera sin enjuague<br \/>\n\u2022 Protecci\u00f3n contra sol, cloro y sal<br \/>\n\u2022 Facilita el desenredo<br \/>\n\u2022 Aporta suavidad y brillo<br \/>\n\u2022 No apelmaza el cabello<br \/>\n\u2022 Mantiene el equilibrio del pH capilar<\/p>\n<p>Ideal para usar durante vacaciones, playa o piscina, o como hidratante diario para mantener el cabello saludable y manejable.<\/p>\n","protected":false},"excerpt":{"rendered":"<p>Acondicionador sin enjuague que hidrata, protege y desenreda el cabello expuesto al sol, dejando un acabado suave, ligero y brillante.<\/p>\n","protected":false},"featured_media":2805,"template":"","meta":{"_joinchat":[]},"product_brand":[144],"product_cat":[64],"product_tag":[],"class_list":{"0":"post-2899","1":"product","2":"type-product","3":"status-publish","4":"has-post-thumbnail","6":"product_brand-elgon","7":"product_cat-tratamiento","9":"first","10":"instock","11":"shipping-taxable","12":"purchasable","13":"product-type-simple"},"_links":{"self":[{"href":"https:\/\/cosmeticshop.com.co\/index.php?rest_route=\/wp\/v2\/product\/2899","targetHints":{"allow":["GET"]}}],"collection":[{"href":"https:\/\/cosmeticshop.com.co\/index.php?rest_route=\/wp\/v2\/product"}],"about":[{"href":"https:\/\/cosmeticshop.com.co\/index.php?rest_route=\/wp\/v2\/types\/product"}],"wp:featuredmedia":[{"embeddable":true,"href":"https:\/\/cosmeticshop.com.co\/index.php?rest_route=\/wp\/v2\/media\/2805"}],"wp:attachment":[{"href":"https:\/\/cosmeticshop.com.co\/index.php?rest_route=%2Fwp%2Fv2%2Fmedia&parent=2899"}],"wp:term":[{"taxonomy":"product_brand","embeddable":true,"href":"https:\/\/cosmeticshop.com.co\/index.php?rest_route=%2Fwp%2Fv2%2Fproduct_brand&post=2899"},{"taxonomy":"product_cat","embeddable":true,"href":"https:\/\/cosmeticshop.com.co\/index.php?rest_route=%2Fwp%2Fv2%2Fproduct_cat&post=2899"},{"taxonomy":"product_tag","embeddable":true,"href":"https:\/\/cosmeticshop.com.co\/index.php?rest_route=%2Fwp%2Fv2%2Fproduct_tag&post=2899"}],"curies":[{"name":"wp","href":"https:\/\/api.w.org\/{rel}","templated":true}]}}