{"id":2897,"date":"2026-04-13T21:34:49","date_gmt":"2026-04-13T21:34:49","guid":{"rendered":"https:\/\/cosmeticshop.com.co\/?product=44-cera-en-aerosol"},"modified":"2026-04-14T14:32:58","modified_gmt":"2026-04-14T14:32:58","slug":"44-cera-en-aerosol","status":"publish","type":"product","link":"https:\/\/cosmeticshop.com.co\/?product=44-cera-en-aerosol","title":{"rendered":"44 Cera En Aerosol"},"content":{"rendered":"<p>Est\u00e1 dise\u00f1ado para definir y dar forma al cabello despu\u00e9s del secado, proporcionando una fijaci\u00f3n flexible que permite movimiento natural sin rigidez. Su f\u00f3rmula logra el equilibrio perfecto entre una laca suave y un gel ligero, ideal para estilos modernos y din\u00e1micos.<\/p>\n<p>Gracias a su tecnolog\u00eda Vitality Shield Complex, ayuda a proteger la fibra capilar, mantener el brillo y realzar el color, mientras protege el cabello de factores externos.<\/p>\n","protected":false},"excerpt":{"rendered":"<p>Cera en spray de fijaci\u00f3n ligera que define y texturiza el cabello con un acabado natural, flexible y con brillo.<\/p>\n<p><strong>Fijaci\u00f3n:<\/strong>\u00a044\/100<\/p>\n","protected":false},"featured_media":2802,"template":"","meta":{"_joinchat":[]},"product_brand":[144],"product_cat":[67],"product_tag":[],"class_list":{"0":"post-2897","1":"product","2":"type-product","3":"status-publish","4":"has-post-thumbnail","6":"product_brand-elgon","7":"product_cat-fijador-cera","9":"first","10":"instock","11":"shipping-taxable","12":"purchasable","13":"product-type-simple"},"_links":{"self":[{"href":"https:\/\/cosmeticshop.com.co\/index.php?rest_route=\/wp\/v2\/product\/2897","targetHints":{"allow":["GET"]}}],"collection":[{"href":"https:\/\/cosmeticshop.com.co\/index.php?rest_route=\/wp\/v2\/product"}],"about":[{"href":"https:\/\/cosmeticshop.com.co\/index.php?rest_route=\/wp\/v2\/types\/product"}],"wp:featuredmedia":[{"embeddable":true,"href":"https:\/\/cosmeticshop.com.co\/index.php?rest_route=\/wp\/v2\/media\/2802"}],"wp:attachment":[{"href":"https:\/\/cosmeticshop.com.co\/index.php?rest_route=%2Fwp%2Fv2%2Fmedia&parent=2897"}],"wp:term":[{"taxonomy":"product_brand","embeddable":true,"href":"https:\/\/cosmeticshop.com.co\/index.php?rest_route=%2Fwp%2Fv2%2Fproduct_brand&post=2897"},{"taxonomy":"product_cat","embeddable":true,"href":"https:\/\/cosmeticshop.com.co\/index.php?rest_route=%2Fwp%2Fv2%2Fproduct_cat&post=2897"},{"taxonomy":"product_tag","embeddable":true,"href":"https:\/\/cosmeticshop.com.co\/index.php?rest_route=%2Fwp%2Fv2%2Fproduct_tag&post=2897"}],"curies":[{"name":"wp","href":"https:\/\/api.w.org\/{rel}","templated":true}]}}