{"id":2891,"date":"2026-04-13T21:34:47","date_gmt":"2026-04-13T21:34:47","guid":{"rendered":"https:\/\/cosmeticshop.com.co\/?product=55-gel-mousse-moldeador"},"modified":"2026-04-14T17:05:43","modified_gmt":"2026-04-14T17:05:43","slug":"55-gel-mousse-moldeador","status":"publish","type":"product","link":"https:\/\/cosmeticshop.com.co\/?product=55-gel-mousse-moldeador","title":{"rendered":"55 Gel Mousse Moldeador"},"content":{"rendered":"<p>Este gel-mousse de fijaci\u00f3n media est\u00e1 dise\u00f1ado para crear y moldear diferentes estilos con facilidad, ofreciendo control sin rigidez ni efecto acartonado. Su textura innovadora comienza como espuma y se transforma en gel, permitiendo una aplicaci\u00f3n uniforme y vers\u00e1til.<\/p>\n<p>Permite lograr distintos acabados seg\u00fan su uso: sobre cabello h\u00famedo aporta un look natural y flexible, mientras que en cabello seco crea un efecto h\u00famedo m\u00e1s definido. Enriquecido con el complejo Soyactiv\u00ae a base de prote\u00ednas de soja, hidrata y fortalece progresivamente la fibra capilar, dejando el cabello m\u00e1s resistente, manejable y con aspecto saludable.<\/p>\n","protected":false},"excerpt":{"rendered":"<p>Moldea y define el cabello con una fijaci\u00f3n media flexible, logrando desde un efecto natural hasta un acabado h\u00famedo sin sensaci\u00f3n pegajosa.<\/p>\n<p><strong>Fijaci\u00f3n:<\/strong>\u00a055\/100<\/p>\n","protected":false},"featured_media":2765,"template":"","meta":{"_joinchat":[]},"product_brand":[144],"product_cat":[67],"product_tag":[],"class_list":{"0":"post-2891","1":"product","2":"type-product","3":"status-publish","4":"has-post-thumbnail","6":"product_brand-elgon","7":"product_cat-fijador-cera","9":"first","10":"instock","11":"shipping-taxable","12":"purchasable","13":"product-type-simple"},"_links":{"self":[{"href":"https:\/\/cosmeticshop.com.co\/index.php?rest_route=\/wp\/v2\/product\/2891","targetHints":{"allow":["GET"]}}],"collection":[{"href":"https:\/\/cosmeticshop.com.co\/index.php?rest_route=\/wp\/v2\/product"}],"about":[{"href":"https:\/\/cosmeticshop.com.co\/index.php?rest_route=\/wp\/v2\/types\/product"}],"wp:featuredmedia":[{"embeddable":true,"href":"https:\/\/cosmeticshop.com.co\/index.php?rest_route=\/wp\/v2\/media\/2765"}],"wp:attachment":[{"href":"https:\/\/cosmeticshop.com.co\/index.php?rest_route=%2Fwp%2Fv2%2Fmedia&parent=2891"}],"wp:term":[{"taxonomy":"product_brand","embeddable":true,"href":"https:\/\/cosmeticshop.com.co\/index.php?rest_route=%2Fwp%2Fv2%2Fproduct_brand&post=2891"},{"taxonomy":"product_cat","embeddable":true,"href":"https:\/\/cosmeticshop.com.co\/index.php?rest_route=%2Fwp%2Fv2%2Fproduct_cat&post=2891"},{"taxonomy":"product_tag","embeddable":true,"href":"https:\/\/cosmeticshop.com.co\/index.php?rest_route=%2Fwp%2Fv2%2Fproduct_tag&post=2891"}],"curies":[{"name":"wp","href":"https:\/\/api.w.org\/{rel}","templated":true}]}}