{"id":2890,"date":"2026-04-13T21:34:47","date_gmt":"2026-04-13T21:34:47","guid":{"rendered":"https:\/\/cosmeticshop.com.co\/?product=4-fluido-antifrizz-de-seda"},"modified":"2026-04-13T21:38:49","modified_gmt":"2026-04-13T21:38:49","slug":"4-fluido-antifrizz-de-seda","status":"publish","type":"product","link":"https:\/\/cosmeticshop.com.co\/?product=4-fluido-antifrizz-de-seda","title":{"rendered":"4 Fluido Antifrizz De Seda"},"content":{"rendered":"<p>Enriquecido con el complejo Vitality Shield, protege la fibra capilar frente a la humedad y factores externos, preservando el brillo natural y evitando el efecto frizz. Adem\u00e1s, deja el cabello con una sensaci\u00f3n sedosa, manejable y visiblemente m\u00e1s saludable desde la primera aplicaci\u00f3n.<\/p>\n<p>Ideal como producto de acabado o styling, ayudando a mantener el control del cabello sin comprometer su movimiento ni ligereza.<\/p>\n","protected":false},"excerpt":{"rendered":"<p>Controla el frizz y la humedad mientras suaviza el cabello, dejando una textura sedosa, ligera y con brillo natural sin apelmazar.<\/p>\n<p>Fijaci\u00f3n: 4\/100<\/p>\n","protected":false},"featured_media":2763,"template":"","meta":{"_joinchat":[]},"product_brand":[144],"product_cat":[67],"product_tag":[],"class_list":{"0":"post-2890","1":"product","2":"type-product","3":"status-publish","4":"has-post-thumbnail","6":"product_brand-elgon","7":"product_cat-fijador-cera","9":"first","10":"instock","11":"shipping-taxable","12":"purchasable","13":"product-type-simple"},"_links":{"self":[{"href":"https:\/\/cosmeticshop.com.co\/index.php?rest_route=\/wp\/v2\/product\/2890","targetHints":{"allow":["GET"]}}],"collection":[{"href":"https:\/\/cosmeticshop.com.co\/index.php?rest_route=\/wp\/v2\/product"}],"about":[{"href":"https:\/\/cosmeticshop.com.co\/index.php?rest_route=\/wp\/v2\/types\/product"}],"wp:featuredmedia":[{"embeddable":true,"href":"https:\/\/cosmeticshop.com.co\/index.php?rest_route=\/wp\/v2\/media\/2763"}],"wp:attachment":[{"href":"https:\/\/cosmeticshop.com.co\/index.php?rest_route=%2Fwp%2Fv2%2Fmedia&parent=2890"}],"wp:term":[{"taxonomy":"product_brand","embeddable":true,"href":"https:\/\/cosmeticshop.com.co\/index.php?rest_route=%2Fwp%2Fv2%2Fproduct_brand&post=2890"},{"taxonomy":"product_cat","embeddable":true,"href":"https:\/\/cosmeticshop.com.co\/index.php?rest_route=%2Fwp%2Fv2%2Fproduct_cat&post=2890"},{"taxonomy":"product_tag","embeddable":true,"href":"https:\/\/cosmeticshop.com.co\/index.php?rest_route=%2Fwp%2Fv2%2Fproduct_tag&post=2890"}],"curies":[{"name":"wp","href":"https:\/\/api.w.org\/{rel}","templated":true}]}}