{"id":2889,"date":"2026-04-13T21:34:47","date_gmt":"2026-04-13T21:34:47","guid":{"rendered":"https:\/\/cosmeticshop.com.co\/?product=tratamiento-primaria-dermopeeling"},"modified":"2026-04-15T14:38:08","modified_gmt":"2026-04-15T14:38:08","slug":"tratamiento-primaria-dermopeeling","status":"publish","type":"product","link":"https:\/\/cosmeticshop.com.co\/?product=tratamiento-primaria-dermopeeling","title":{"rendered":"Tratamiento Primaria Dermopeeling"},"content":{"rendered":"<p>Formulado con microgr\u00e1nulos naturales, ejerce una exfoliaci\u00f3n suave que purifica sin agredir, mientras su complejo antipoluci\u00f3n libera el cuero cabelludo de agentes externos acumulados. Adem\u00e1s, los prebi\u00f3ticos fortalecen las defensas naturales de la piel, favoreciendo un entorno m\u00e1s saludable.<\/p>\n<p>Beneficios:<br \/>\n\u2022 Exfolia el cuero cabelludo de forma suave<br \/>\n\u2022 Elimina impurezas, residuos y c\u00e9lulas muertas<br \/>\n\u2022 Prepara la piel para tratamientos posteriores<br \/>\n\u2022 Mejora la eficacia de rutinas antica\u00edda<br \/>\n\u2022 Acci\u00f3n antipoluci\u00f3n que purifica el fol\u00edculo<br \/>\n\u2022 Refuerza las defensas naturales con prebi\u00f3ticos<\/p>\n","protected":false},"excerpt":{"rendered":"<p>Exfolia y purifica el cuero cabelludo en profundidad, eliminando impurezas mientras lo prepara para potenciar los tratamientos capilares posteriores.<\/p>\n","protected":false},"featured_media":2762,"template":"","meta":{"_joinchat":[]},"product_brand":[144],"product_cat":[61,64],"product_tag":[],"class_list":{"0":"post-2889","1":"product","2":"type-product","3":"status-publish","4":"has-post-thumbnail","6":"product_brand-elgon","7":"product_cat-cuidado-capilar","8":"product_cat-tratamiento","10":"first","11":"instock","12":"shipping-taxable","13":"purchasable","14":"product-type-simple"},"_links":{"self":[{"href":"https:\/\/cosmeticshop.com.co\/index.php?rest_route=\/wp\/v2\/product\/2889","targetHints":{"allow":["GET"]}}],"collection":[{"href":"https:\/\/cosmeticshop.com.co\/index.php?rest_route=\/wp\/v2\/product"}],"about":[{"href":"https:\/\/cosmeticshop.com.co\/index.php?rest_route=\/wp\/v2\/types\/product"}],"wp:featuredmedia":[{"embeddable":true,"href":"https:\/\/cosmeticshop.com.co\/index.php?rest_route=\/wp\/v2\/media\/2762"}],"wp:attachment":[{"href":"https:\/\/cosmeticshop.com.co\/index.php?rest_route=%2Fwp%2Fv2%2Fmedia&parent=2889"}],"wp:term":[{"taxonomy":"product_brand","embeddable":true,"href":"https:\/\/cosmeticshop.com.co\/index.php?rest_route=%2Fwp%2Fv2%2Fproduct_brand&post=2889"},{"taxonomy":"product_cat","embeddable":true,"href":"https:\/\/cosmeticshop.com.co\/index.php?rest_route=%2Fwp%2Fv2%2Fproduct_cat&post=2889"},{"taxonomy":"product_tag","embeddable":true,"href":"https:\/\/cosmeticshop.com.co\/index.php?rest_route=%2Fwp%2Fv2%2Fproduct_tag&post=2889"}],"curies":[{"name":"wp","href":"https:\/\/api.w.org\/{rel}","templated":true}]}}