{"id":2881,"date":"2026-04-13T21:34:47","date_gmt":"2026-04-13T21:34:47","guid":{"rendered":"https:\/\/cosmeticshop.com.co\/?product=shampoo-deco-balayage"},"modified":"2026-04-13T21:37:56","modified_gmt":"2026-04-13T21:37:56","slug":"shampoo-deco-balayage","status":"publish","type":"product","link":"https:\/\/cosmeticshop.com.co\/?product=shampoo-deco-balayage","title":{"rendered":"Shampoo Deco &#038; Balayage"},"content":{"rendered":"<p>Este shampoo ha sido desarrollado especialmente para cabellos que han pasado por procesos de decoloraci\u00f3n, mechas o balayage y que tienden a lucir opacos o apagados. Su f\u00f3rmula ligera limpia con delicadeza, respetando la fibra capilar y ayudando a recuperar su estado \u00f3ptimo.<\/p>\n<p>Enriquecido con Biotech Lemon Complex, rico en vitamina C, aporta luminosidad y vitalidad, mejorando la apariencia del cabello desde el primer uso.<\/p>\n<p>Beneficios:<br \/>\n\u2022 Devuelve brillo y luminosidad al cabello decolorado<br \/>\n\u2022 Limpia suavemente sin resecar<br \/>\n\u2022 F\u00f3rmula ligera ideal para uso frecuente<br \/>\n\u2022 Ayuda a restaurar la fibra capilar<br \/>\n\u2022 Mejora la apariencia del cabello opaco o apagado<br \/>\n\u2022 Enriquecido con vitamina C<br \/>\n\u2022 Ideal para balayage, mechas o decoloraci\u00f3n<\/p>\n","protected":false},"excerpt":{"rendered":"<p>Revive el brillo del cabello decolorado desde el primer lavado, limpiando suavemente mientras devuelve la luminosidad sin resecar.<\/p>\n","protected":false},"featured_media":2735,"template":"","meta":{"_joinchat":[]},"product_brand":[144],"product_cat":[62],"product_tag":[],"class_list":{"0":"post-2881","1":"product","2":"type-product","3":"status-publish","4":"has-post-thumbnail","6":"product_brand-elgon","7":"product_cat-shampoo","9":"first","10":"instock","11":"shipping-taxable","12":"purchasable","13":"product-type-simple"},"_links":{"self":[{"href":"https:\/\/cosmeticshop.com.co\/index.php?rest_route=\/wp\/v2\/product\/2881","targetHints":{"allow":["GET"]}}],"collection":[{"href":"https:\/\/cosmeticshop.com.co\/index.php?rest_route=\/wp\/v2\/product"}],"about":[{"href":"https:\/\/cosmeticshop.com.co\/index.php?rest_route=\/wp\/v2\/types\/product"}],"wp:featuredmedia":[{"embeddable":true,"href":"https:\/\/cosmeticshop.com.co\/index.php?rest_route=\/wp\/v2\/media\/2735"}],"wp:attachment":[{"href":"https:\/\/cosmeticshop.com.co\/index.php?rest_route=%2Fwp%2Fv2%2Fmedia&parent=2881"}],"wp:term":[{"taxonomy":"product_brand","embeddable":true,"href":"https:\/\/cosmeticshop.com.co\/index.php?rest_route=%2Fwp%2Fv2%2Fproduct_brand&post=2881"},{"taxonomy":"product_cat","embeddable":true,"href":"https:\/\/cosmeticshop.com.co\/index.php?rest_route=%2Fwp%2Fv2%2Fproduct_cat&post=2881"},{"taxonomy":"product_tag","embeddable":true,"href":"https:\/\/cosmeticshop.com.co\/index.php?rest_route=%2Fwp%2Fv2%2Fproduct_tag&post=2881"}],"curies":[{"name":"wp","href":"https:\/\/api.w.org\/{rel}","templated":true}]}}