{"id":2877,"date":"2026-04-13T21:34:47","date_gmt":"2026-04-13T21:34:47","guid":{"rendered":"https:\/\/cosmeticshop.com.co\/?product=shampoo-density"},"modified":"2026-04-13T21:37:12","modified_gmt":"2026-04-13T21:37:12","slug":"shampoo-density","status":"publish","type":"product","link":"https:\/\/cosmeticshop.com.co\/?product=shampoo-density","title":{"rendered":"Shampoo Density"},"content":{"rendered":"<p>Gracias a su textura ligera, limpia delicadamente sin apelmazar, dejando el cabello suelto, con movimiento natural y f\u00e1cil de manejar. Adem\u00e1s, el complejo Redoxina 2.0 act\u00faa hidratando y fortaleciendo la fibra capilar, mejorando visiblemente su salud y apariencia.<\/p>\n<p>Beneficios:<br \/>\n\u2022 Mejora la apariencia del cabello fino o d\u00e9bil<br \/>\n\u2022 Aumenta el cuerpo y la textura del cabello<br \/>\n\u2022 Deja el cabello m\u00e1s suelto y con movimiento<br \/>\n\u2022 Aporta hidrataci\u00f3n sin sensaci\u00f3n pesada<br \/>\n\u2022 Favorece un cabello m\u00e1s fuerte y resistente<\/p>\n","protected":false},"excerpt":{"rendered":"<p>Limpia suavemente mientras aporta volumen, densidad y cuerpo al cabello fino sin apelmazar.<\/p>\n","protected":false},"featured_media":2714,"template":"","meta":{"_joinchat":[]},"product_brand":[144],"product_cat":[62],"product_tag":[],"class_list":{"0":"post-2877","1":"product","2":"type-product","3":"status-publish","4":"has-post-thumbnail","6":"product_brand-elgon","7":"product_cat-shampoo","9":"first","10":"instock","11":"shipping-taxable","12":"purchasable","13":"product-type-simple"},"_links":{"self":[{"href":"https:\/\/cosmeticshop.com.co\/index.php?rest_route=\/wp\/v2\/product\/2877","targetHints":{"allow":["GET"]}}],"collection":[{"href":"https:\/\/cosmeticshop.com.co\/index.php?rest_route=\/wp\/v2\/product"}],"about":[{"href":"https:\/\/cosmeticshop.com.co\/index.php?rest_route=\/wp\/v2\/types\/product"}],"wp:featuredmedia":[{"embeddable":true,"href":"https:\/\/cosmeticshop.com.co\/index.php?rest_route=\/wp\/v2\/media\/2714"}],"wp:attachment":[{"href":"https:\/\/cosmeticshop.com.co\/index.php?rest_route=%2Fwp%2Fv2%2Fmedia&parent=2877"}],"wp:term":[{"taxonomy":"product_brand","embeddable":true,"href":"https:\/\/cosmeticshop.com.co\/index.php?rest_route=%2Fwp%2Fv2%2Fproduct_brand&post=2877"},{"taxonomy":"product_cat","embeddable":true,"href":"https:\/\/cosmeticshop.com.co\/index.php?rest_route=%2Fwp%2Fv2%2Fproduct_cat&post=2877"},{"taxonomy":"product_tag","embeddable":true,"href":"https:\/\/cosmeticshop.com.co\/index.php?rest_route=%2Fwp%2Fv2%2Fproduct_tag&post=2877"}],"curies":[{"name":"wp","href":"https:\/\/api.w.org\/{rel}","templated":true}]}}