{"id":2874,"date":"2026-04-13T21:34:47","date_gmt":"2026-04-13T21:34:47","guid":{"rendered":"https:\/\/cosmeticshop.com.co\/?product=primer-iluminador"},"modified":"2026-04-22T20:11:40","modified_gmt":"2026-04-22T20:11:40","slug":"primer-iluminador","status":"publish","type":"product","link":"https:\/\/cosmeticshop.com.co\/?product=primer-iluminador","title":{"rendered":"Primer Iluminador"},"content":{"rendered":"<p>Su textura suave e incolora se desliza f\u00e1cilmente, permitiendo una absorci\u00f3n r\u00e1pida sin dejar sensaci\u00f3n pesada. Adem\u00e1s, contribuye a suavizar la piel y facilitar la aplicaci\u00f3n del maquillaje, logrando un acabado m\u00e1s uniforme y radiante.<\/p>\n<p>Beneficios:<br \/>\n\u2022 Proporciona luminosidad natural al rostro<br \/>\n\u2022 Aporta hidrataci\u00f3n y sensaci\u00f3n de frescura<br \/>\n\u2022 Ayuda a suavizar la textura de la piel<br \/>\n\u2022 Mejora la aplicaci\u00f3n y duraci\u00f3n del maquillaje<br \/>\n\u2022 Contiene agua de pepino y pantenol con efecto calmante<br \/>\n\u2022 Textura ligera de r\u00e1pida absorci\u00f3n<\/p>\n","protected":false},"excerpt":{"rendered":"<p>Prebase iluminadora de textura ligera que hidrata, suaviza y aporta luminosidad natural, preparando la piel para un maquillaje m\u00e1s fresco y duradero.<\/p>\n","protected":false},"featured_media":2651,"template":"","meta":{"_joinchat":[]},"product_brand":[276],"product_cat":[73],"product_tag":[],"class_list":{"0":"post-2874","1":"product","2":"type-product","3":"status-publish","4":"has-post-thumbnail","6":"product_brand-pretty","7":"product_cat-rostro","9":"first","10":"instock","11":"shipping-taxable","12":"purchasable","13":"product-type-simple"},"_links":{"self":[{"href":"https:\/\/cosmeticshop.com.co\/index.php?rest_route=\/wp\/v2\/product\/2874","targetHints":{"allow":["GET"]}}],"collection":[{"href":"https:\/\/cosmeticshop.com.co\/index.php?rest_route=\/wp\/v2\/product"}],"about":[{"href":"https:\/\/cosmeticshop.com.co\/index.php?rest_route=\/wp\/v2\/types\/product"}],"wp:featuredmedia":[{"embeddable":true,"href":"https:\/\/cosmeticshop.com.co\/index.php?rest_route=\/wp\/v2\/media\/2651"}],"wp:attachment":[{"href":"https:\/\/cosmeticshop.com.co\/index.php?rest_route=%2Fwp%2Fv2%2Fmedia&parent=2874"}],"wp:term":[{"taxonomy":"product_brand","embeddable":true,"href":"https:\/\/cosmeticshop.com.co\/index.php?rest_route=%2Fwp%2Fv2%2Fproduct_brand&post=2874"},{"taxonomy":"product_cat","embeddable":true,"href":"https:\/\/cosmeticshop.com.co\/index.php?rest_route=%2Fwp%2Fv2%2Fproduct_cat&post=2874"},{"taxonomy":"product_tag","embeddable":true,"href":"https:\/\/cosmeticshop.com.co\/index.php?rest_route=%2Fwp%2Fv2%2Fproduct_tag&post=2874"}],"curies":[{"name":"wp","href":"https:\/\/api.w.org\/{rel}","templated":true}]}}