{"id":2873,"date":"2026-04-13T21:34:47","date_gmt":"2026-04-13T21:34:47","guid":{"rendered":"https:\/\/cosmeticshop.com.co\/?product=prebase-para-iluminacion-glam"},"modified":"2026-04-13T21:34:47","modified_gmt":"2026-04-13T21:34:47","slug":"prebase-para-iluminacion-glam","status":"publish","type":"product","link":"https:\/\/cosmeticshop.com.co\/?product=prebase-para-iluminacion-glam","title":{"rendered":"Prebase para Iluminaci\u00f3n Glam"},"content":{"rendered":"<p>Adem\u00e1s de iluminar, proporciona hidrataci\u00f3n y deja un acabado fresco y natural, ideal para lograr looks con efecto glow. Puede utilizarse sola para un acabado radiante o como base previa al maquillaje para potenciar su resultado.<\/p>\n<p>Beneficios:<br \/>\n\u2022 Proporciona luminosidad inmediata al rostro<br \/>\n\u2022 Prepara la piel para un maquillaje m\u00e1s duradero<br \/>\n\u2022 Aporta hidrataci\u00f3n y suavidad<br \/>\n\u2022 Mejora la aplicaci\u00f3n de la base<br \/>\n\u2022 Ofrece un acabado radiante y natural<br \/>\n\u2022 Puede usarse sola o como prebase de maquillaje<\/p>\n","protected":false},"excerpt":{"rendered":"<p>Prebase iluminadora que realza la luminosidad de la piel, hidratando y preparando el rostro para un maquillaje m\u00e1s radiante y duradero.<\/p>\n","protected":false},"featured_media":2650,"template":"","meta":{"_joinchat":[]},"product_brand":[284],"product_cat":[73],"product_tag":[],"class_list":{"0":"post-2873","1":"product","2":"type-product","3":"status-publish","4":"has-post-thumbnail","6":"product_brand-flormar","7":"product_cat-rostro","9":"first","10":"instock","11":"shipping-taxable","12":"purchasable","13":"product-type-simple"},"_links":{"self":[{"href":"https:\/\/cosmeticshop.com.co\/index.php?rest_route=\/wp\/v2\/product\/2873","targetHints":{"allow":["GET"]}}],"collection":[{"href":"https:\/\/cosmeticshop.com.co\/index.php?rest_route=\/wp\/v2\/product"}],"about":[{"href":"https:\/\/cosmeticshop.com.co\/index.php?rest_route=\/wp\/v2\/types\/product"}],"wp:featuredmedia":[{"embeddable":true,"href":"https:\/\/cosmeticshop.com.co\/index.php?rest_route=\/wp\/v2\/media\/2650"}],"wp:attachment":[{"href":"https:\/\/cosmeticshop.com.co\/index.php?rest_route=%2Fwp%2Fv2%2Fmedia&parent=2873"}],"wp:term":[{"taxonomy":"product_brand","embeddable":true,"href":"https:\/\/cosmeticshop.com.co\/index.php?rest_route=%2Fwp%2Fv2%2Fproduct_brand&post=2873"},{"taxonomy":"product_cat","embeddable":true,"href":"https:\/\/cosmeticshop.com.co\/index.php?rest_route=%2Fwp%2Fv2%2Fproduct_cat&post=2873"},{"taxonomy":"product_tag","embeddable":true,"href":"https:\/\/cosmeticshop.com.co\/index.php?rest_route=%2Fwp%2Fv2%2Fproduct_tag&post=2873"}],"curies":[{"name":"wp","href":"https:\/\/api.w.org\/{rel}","templated":true}]}}