{"id":2870,"date":"2026-04-13T21:34:47","date_gmt":"2026-04-13T21:34:47","guid":{"rendered":"https:\/\/cosmeticshop.com.co\/?product=aceite-multiproposito"},"modified":"2026-04-13T21:34:47","modified_gmt":"2026-04-13T21:34:47","slug":"aceite-multiproposito","status":"publish","type":"product","link":"https:\/\/cosmeticshop.com.co\/?product=aceite-multiproposito","title":{"rendered":"Aceite Multiprop\u00f3sito"},"content":{"rendered":"<p>Gracias a sus ingredientes naturales, ayuda a relajar, revitalizar y equilibrar tanto la piel como el cuero cabelludo, dejando una sensaci\u00f3n de suavidad y confort. Tambi\u00e9n puede utilizarse en el cabello para aportar hidrataci\u00f3n ligera y mejorar su apariencia sin apelmazar.<\/p>\n<p>Beneficios:<br \/>\n\u2022 Desmaquilla suavemente sin resecar la piel<br \/>\n\u2022 Proporciona hidrataci\u00f3n y suavidad<br \/>\n\u2022 Aporta efecto relajante y sensaci\u00f3n de bienestar<br \/>\n\u2022 Contiene s\u00e1ndalo y romero con propiedades revitalizantes<br \/>\n\u2022 Puede usarse en piel y cabello<br \/>\n\u2022 No deja sensaci\u00f3n grasosa ni pesada<\/p>\n","protected":false},"excerpt":{"rendered":"<p>Multiprop\u00f3sito desmaquillante, hidratante y relajante con s\u00e1ndalo y romero que limpia, nutre y revitaliza la piel y el cabello.<\/p>\n","protected":false},"featured_media":2646,"template":"","meta":{"_joinchat":[]},"product_brand":[273],"product_cat":[57],"product_tag":[],"class_list":{"0":"post-2870","1":"product","2":"type-product","3":"status-publish","4":"has-post-thumbnail","6":"product_brand-bonsua","7":"product_cat-limpiadores-desmaquillantes","9":"first","10":"instock","11":"shipping-taxable","12":"purchasable","13":"product-type-simple"},"_links":{"self":[{"href":"https:\/\/cosmeticshop.com.co\/index.php?rest_route=\/wp\/v2\/product\/2870","targetHints":{"allow":["GET"]}}],"collection":[{"href":"https:\/\/cosmeticshop.com.co\/index.php?rest_route=\/wp\/v2\/product"}],"about":[{"href":"https:\/\/cosmeticshop.com.co\/index.php?rest_route=\/wp\/v2\/types\/product"}],"wp:featuredmedia":[{"embeddable":true,"href":"https:\/\/cosmeticshop.com.co\/index.php?rest_route=\/wp\/v2\/media\/2646"}],"wp:attachment":[{"href":"https:\/\/cosmeticshop.com.co\/index.php?rest_route=%2Fwp%2Fv2%2Fmedia&parent=2870"}],"wp:term":[{"taxonomy":"product_brand","embeddable":true,"href":"https:\/\/cosmeticshop.com.co\/index.php?rest_route=%2Fwp%2Fv2%2Fproduct_brand&post=2870"},{"taxonomy":"product_cat","embeddable":true,"href":"https:\/\/cosmeticshop.com.co\/index.php?rest_route=%2Fwp%2Fv2%2Fproduct_cat&post=2870"},{"taxonomy":"product_tag","embeddable":true,"href":"https:\/\/cosmeticshop.com.co\/index.php?rest_route=%2Fwp%2Fv2%2Fproduct_tag&post=2870"}],"curies":[{"name":"wp","href":"https:\/\/api.w.org\/{rel}","templated":true}]}}