{"id":287,"date":"2021-04-12T16:45:34","date_gmt":"2021-04-12T16:45:34","guid":{"rendered":"https:\/\/startersites.io\/blocksy\/homi\/?post_type=product&#038;p=287"},"modified":"2026-03-21T15:47:55","modified_gmt":"2026-03-21T15:47:55","slug":"afeitadora-dame-shaver","status":"publish","type":"product","link":"https:\/\/cosmeticshop.com.co\/?product=afeitadora-dame-shaver","title":{"rendered":"Afeitadora Dame Shaver"},"content":{"rendered":"<p>Dispositivo dise\u00f1ado para eliminar el vello facial y corporal de forma suave, r\u00e1pida y sin dolor. Cuenta con luz integrada que mejora la visibilidad para una limpieza m\u00e1s precisa, incluso en zonas dif\u00edciles. Su tecnolog\u00eda delicada lo hace ideal para el uso diario, cuidando la piel sin causar irritaci\u00f3n.<\/p>\n","protected":false},"excerpt":{"rendered":"<p>Removedor de vello facial y corporal sin dolor, con luz integrada para mayor precisi\u00f3n.<\/p>\n","protected":false},"featured_media":948,"template":"","meta":{"_joinchat":[]},"product_brand":[34],"product_cat":[45,49],"product_tag":[],"class_list":{"0":"post-287","1":"product","2":"type-product","3":"status-publish","4":"has-post-thumbnail","6":"product_brand-aurora-vibes","7":"product_cat-accesorios","8":"product_cat-electricos","10":"first","11":"outofstock","12":"shipping-taxable","13":"purchasable","14":"product-type-simple"},"_links":{"self":[{"href":"https:\/\/cosmeticshop.com.co\/index.php?rest_route=\/wp\/v2\/product\/287","targetHints":{"allow":["GET"]}}],"collection":[{"href":"https:\/\/cosmeticshop.com.co\/index.php?rest_route=\/wp\/v2\/product"}],"about":[{"href":"https:\/\/cosmeticshop.com.co\/index.php?rest_route=\/wp\/v2\/types\/product"}],"wp:featuredmedia":[{"embeddable":true,"href":"https:\/\/cosmeticshop.com.co\/index.php?rest_route=\/wp\/v2\/media\/948"}],"wp:attachment":[{"href":"https:\/\/cosmeticshop.com.co\/index.php?rest_route=%2Fwp%2Fv2%2Fmedia&parent=287"}],"wp:term":[{"taxonomy":"product_brand","embeddable":true,"href":"https:\/\/cosmeticshop.com.co\/index.php?rest_route=%2Fwp%2Fv2%2Fproduct_brand&post=287"},{"taxonomy":"product_cat","embeddable":true,"href":"https:\/\/cosmeticshop.com.co\/index.php?rest_route=%2Fwp%2Fv2%2Fproduct_cat&post=287"},{"taxonomy":"product_tag","embeddable":true,"href":"https:\/\/cosmeticshop.com.co\/index.php?rest_route=%2Fwp%2Fv2%2Fproduct_tag&post=287"}],"curies":[{"name":"wp","href":"https:\/\/api.w.org\/{rel}","templated":true}]}}