{"id":285,"date":"2021-04-12T16:43:52","date_gmt":"2021-04-12T16:43:52","guid":{"rendered":"https:\/\/startersites.io\/blocksy\/homi\/?post_type=product&#038;p=285"},"modified":"2026-03-21T16:20:33","modified_gmt":"2026-03-21T16:20:33","slug":"shampoo-cabello-crespo","status":"publish","type":"product","link":"https:\/\/cosmeticshop.com.co\/?product=shampoo-cabello-crespo","title":{"rendered":"Shampoo Cabello Crespo"},"content":{"rendered":"<p>Shampoo especialmente formulado para el cuidado del cabello rizado, que limpia de forma suave mientras ayuda a mantener la hidrataci\u00f3n y definici\u00f3n natural de los rizos.<\/p>\n<p>Su aplicaci\u00f3n es sencilla: coloca una peque\u00f1a cantidad en la palma de las manos, distribuye uniformemente sobre el cabello h\u00famedo y masajea el cuero cabelludo con las yemas de los dedos. Luego, enjuaga con abundante agua y repite si es necesario hasta lograr una limpieza completa.<\/p>\n<p>Enriquecido con Vitamina A, Vitamina E, Vitamina C, Vitamina H (Biotina) y Pro-Vitamina B5 (D-Pantenol), ayuda a fortalecer el cabello, aportar brillo y mantenerlo saludable, suave y manejable. Ideal para una rutina de cuidado diario.<\/p>\n","protected":false},"excerpt":{"rendered":"<p>Shampoo para rizos con vitaminas que limpia suavemente y define el cabello.<\/p>\n","protected":false},"featured_media":973,"template":"","meta":{"_joinchat":[]},"product_brand":[81],"product_cat":[61,62],"product_tag":[],"class_list":{"0":"post-285","1":"product","2":"type-product","3":"status-publish","4":"has-post-thumbnail","6":"product_brand-raw","7":"product_cat-cuidado-capilar","8":"product_cat-shampoo","10":"first","11":"outofstock","12":"shipping-taxable","13":"purchasable","14":"product-type-simple"},"_links":{"self":[{"href":"https:\/\/cosmeticshop.com.co\/index.php?rest_route=\/wp\/v2\/product\/285","targetHints":{"allow":["GET"]}}],"collection":[{"href":"https:\/\/cosmeticshop.com.co\/index.php?rest_route=\/wp\/v2\/product"}],"about":[{"href":"https:\/\/cosmeticshop.com.co\/index.php?rest_route=\/wp\/v2\/types\/product"}],"wp:featuredmedia":[{"embeddable":true,"href":"https:\/\/cosmeticshop.com.co\/index.php?rest_route=\/wp\/v2\/media\/973"}],"wp:attachment":[{"href":"https:\/\/cosmeticshop.com.co\/index.php?rest_route=%2Fwp%2Fv2%2Fmedia&parent=285"}],"wp:term":[{"taxonomy":"product_brand","embeddable":true,"href":"https:\/\/cosmeticshop.com.co\/index.php?rest_route=%2Fwp%2Fv2%2Fproduct_brand&post=285"},{"taxonomy":"product_cat","embeddable":true,"href":"https:\/\/cosmeticshop.com.co\/index.php?rest_route=%2Fwp%2Fv2%2Fproduct_cat&post=285"},{"taxonomy":"product_tag","embeddable":true,"href":"https:\/\/cosmeticshop.com.co\/index.php?rest_route=%2Fwp%2Fv2%2Fproduct_tag&post=285"}],"curies":[{"name":"wp","href":"https:\/\/api.w.org\/{rel}","templated":true}]}}