{"id":2840,"date":"2026-04-13T16:11:52","date_gmt":"2026-04-13T16:11:52","guid":{"rendered":"https:\/\/cosmeticshop.com.co\/?post_type=product&#038;p=2840"},"modified":"2026-04-13T16:18:17","modified_gmt":"2026-04-13T16:18:17","slug":"mascarilla-yes-curls-nutri","status":"publish","type":"product","link":"https:\/\/cosmeticshop.com.co\/?product=mascarilla-yes-curls-nutri","title":{"rendered":"Mascarilla Yes Curls Nutri"},"content":{"rendered":"<p>Su f\u00f3rmula act\u00faa intensamente sobre la fibra capilar, aportando hidrataci\u00f3n y nutrici\u00f3n sin apelmazar, devolviendo la suavidad y flexibilidad natural del rizo.<\/p>\n<p>Est\u00e1 enriquecida con Biotech Hydra Oils, un activo biotecnol\u00f3gico que aumenta la elasticidad del cabello hasta en un 53%, y vitamina B5, que mejora el brillo, la fuerza y el aspecto saludable.<\/p>\n","protected":false},"excerpt":{"rendered":"<p>Mascarilla intensiva para rizos que nutre profundamente, mejora la elasticidad y deja el cabello suave, definido y sin frizz.<\/p>\n","protected":false},"featured_media":2850,"template":"","meta":{"_joinchat":[]},"product_brand":[144],"product_cat":[61,63],"product_tag":[],"class_list":{"0":"post-2840","1":"product","2":"type-product","3":"status-publish","4":"has-post-thumbnail","6":"product_brand-elgon","7":"product_cat-cuidado-capilar","8":"product_cat-hidratacion-nutricion","10":"first","11":"instock","12":"shipping-taxable","13":"purchasable","14":"product-type-variable"},"_links":{"self":[{"href":"https:\/\/cosmeticshop.com.co\/index.php?rest_route=\/wp\/v2\/product\/2840","targetHints":{"allow":["GET"]}}],"collection":[{"href":"https:\/\/cosmeticshop.com.co\/index.php?rest_route=\/wp\/v2\/product"}],"about":[{"href":"https:\/\/cosmeticshop.com.co\/index.php?rest_route=\/wp\/v2\/types\/product"}],"wp:featuredmedia":[{"embeddable":true,"href":"https:\/\/cosmeticshop.com.co\/index.php?rest_route=\/wp\/v2\/media\/2850"}],"wp:attachment":[{"href":"https:\/\/cosmeticshop.com.co\/index.php?rest_route=%2Fwp%2Fv2%2Fmedia&parent=2840"}],"wp:term":[{"taxonomy":"product_brand","embeddable":true,"href":"https:\/\/cosmeticshop.com.co\/index.php?rest_route=%2Fwp%2Fv2%2Fproduct_brand&post=2840"},{"taxonomy":"product_cat","embeddable":true,"href":"https:\/\/cosmeticshop.com.co\/index.php?rest_route=%2Fwp%2Fv2%2Fproduct_cat&post=2840"},{"taxonomy":"product_tag","embeddable":true,"href":"https:\/\/cosmeticshop.com.co\/index.php?rest_route=%2Fwp%2Fv2%2Fproduct_tag&post=2840"}],"curies":[{"name":"wp","href":"https:\/\/api.w.org\/{rel}","templated":true}]}}