{"id":2836,"date":"2026-04-13T15:47:06","date_gmt":"2026-04-13T15:47:06","guid":{"rendered":"https:\/\/cosmeticshop.com.co\/?post_type=product&#038;p=2836"},"modified":"2026-04-13T15:47:06","modified_gmt":"2026-04-13T15:47:06","slug":"mascarilla-re-animation-pack-ph-3-5","status":"publish","type":"product","link":"https:\/\/cosmeticshop.com.co\/?product=mascarilla-re-animation-pack-ph-3-5","title":{"rendered":"Mascarilla Re-Animation Pack Ph 3.5"},"content":{"rendered":"<p>Su f\u00f3rmula combina queratina vegetal y pantenol (provitamina B5), que trabajan para fortalecer la fibra capilar, mejorar la elasticidad y aportar hidrataci\u00f3n profunda sin apelmazar.<\/p>\n<p>Adem\u00e1s, act\u00faa sellando la cut\u00edcula gracias a su pH \u00e1cido (3.5), ayudando a:<br \/>\n\u2022 Mantener el color por m\u00e1s tiempo<br \/>\n\u2022 Reducir la porosidad<br \/>\n\u2022 Mejorar el brillo y la suavidad<\/p>\n<p>Tambi\u00e9n contiene aceite de arroz y filtro UV, que protegen el cabello de factores externos y evitan la decoloraci\u00f3n.<\/p>\n","protected":false},"excerpt":{"rendered":"<p>Mascarilla capilar intensiva que repara, hidrata y fortalece el cabello da\u00f1ado o te\u00f1ido, devolvi\u00e9ndole suavidad, brillo y vitalidad.<\/p>\n","protected":false},"featured_media":2835,"template":"","meta":{"_joinchat":[]},"product_brand":[144],"product_cat":[61,63],"product_tag":[],"class_list":{"0":"post-2836","1":"product","2":"type-product","3":"status-publish","4":"has-post-thumbnail","6":"product_brand-elgon","7":"product_cat-cuidado-capilar","8":"product_cat-hidratacion-nutricion","10":"first","11":"instock","12":"shipping-taxable","13":"purchasable","14":"product-type-variable"},"_links":{"self":[{"href":"https:\/\/cosmeticshop.com.co\/index.php?rest_route=\/wp\/v2\/product\/2836","targetHints":{"allow":["GET"]}}],"collection":[{"href":"https:\/\/cosmeticshop.com.co\/index.php?rest_route=\/wp\/v2\/product"}],"about":[{"href":"https:\/\/cosmeticshop.com.co\/index.php?rest_route=\/wp\/v2\/types\/product"}],"wp:featuredmedia":[{"embeddable":true,"href":"https:\/\/cosmeticshop.com.co\/index.php?rest_route=\/wp\/v2\/media\/2835"}],"wp:attachment":[{"href":"https:\/\/cosmeticshop.com.co\/index.php?rest_route=%2Fwp%2Fv2%2Fmedia&parent=2836"}],"wp:term":[{"taxonomy":"product_brand","embeddable":true,"href":"https:\/\/cosmeticshop.com.co\/index.php?rest_route=%2Fwp%2Fv2%2Fproduct_brand&post=2836"},{"taxonomy":"product_cat","embeddable":true,"href":"https:\/\/cosmeticshop.com.co\/index.php?rest_route=%2Fwp%2Fv2%2Fproduct_cat&post=2836"},{"taxonomy":"product_tag","embeddable":true,"href":"https:\/\/cosmeticshop.com.co\/index.php?rest_route=%2Fwp%2Fv2%2Fproduct_tag&post=2836"}],"curies":[{"name":"wp","href":"https:\/\/api.w.org\/{rel}","templated":true}]}}