{"id":2806,"date":"2026-04-10T17:35:44","date_gmt":"2026-04-10T17:35:44","guid":{"rendered":"https:\/\/cosmeticshop.com.co\/?post_type=product&#038;p=2806"},"modified":"2026-04-13T21:05:13","modified_gmt":"2026-04-13T21:05:13","slug":"crema-capilar-yes-curls-memory","status":"publish","type":"product","link":"https:\/\/cosmeticshop.com.co\/?product=crema-capilar-yes-curls-memory","title":{"rendered":"Crema Capilar Yes Curls Memory"},"content":{"rendered":"<p>Su f\u00f3rmula con Biotech Hydra Oils aumenta la elasticidad del cabello hasta en un 53%, ayudando a conseguir rizos m\u00e1s definidos, suaves y con mayor movimiento. Adem\u00e1s, contiene vitamina B5, que aporta hidrataci\u00f3n, brillo y un aspecto saludable.<\/p>\n<p>Beneficios:<br \/>\n\u2022 Define y mantiene los rizos por m\u00e1s tiempo<br \/>\n\u2022 Aumenta la elasticidad del cabello<br \/>\n\u2022 Controla el frizz<br \/>\n\u2022 Aporta hidrataci\u00f3n, brillo y suavidad<br \/>\n\u2022 Efecto memoria para mejor duraci\u00f3n del peinado<br \/>\n\u2022 F\u00f3rmula ligera sin alcohol (apta m\u00e9todo curly)<\/p>\n<p>Gracias a su efecto memoria, ayuda a mantener la forma del rizo por m\u00e1s tiempo, evitando el frizz y facilitando el styling diario. Su textura ligera no apelmaza y es apta para el m\u00e9todo curly, ya que no contiene alcohol.<\/p>\n","protected":false},"excerpt":{"rendered":"<p>Crema leave-in con efecto memoria que define, hidrata y controla el frizz, logrando rizos el\u00e1sticos, suaves y con movimiento natural.<\/p>\n","protected":false},"featured_media":2811,"template":"","meta":{"_joinchat":[]},"product_brand":[144],"product_cat":[61,63],"product_tag":[],"class_list":{"0":"post-2806","1":"product","2":"type-product","3":"status-publish","4":"has-post-thumbnail","6":"product_brand-elgon","7":"product_cat-cuidado-capilar","8":"product_cat-hidratacion-nutricion","10":"first","11":"instock","12":"shipping-taxable","13":"purchasable","14":"product-type-variable"},"_links":{"self":[{"href":"https:\/\/cosmeticshop.com.co\/index.php?rest_route=\/wp\/v2\/product\/2806","targetHints":{"allow":["GET"]}}],"collection":[{"href":"https:\/\/cosmeticshop.com.co\/index.php?rest_route=\/wp\/v2\/product"}],"about":[{"href":"https:\/\/cosmeticshop.com.co\/index.php?rest_route=\/wp\/v2\/types\/product"}],"wp:featuredmedia":[{"embeddable":true,"href":"https:\/\/cosmeticshop.com.co\/index.php?rest_route=\/wp\/v2\/media\/2811"}],"wp:attachment":[{"href":"https:\/\/cosmeticshop.com.co\/index.php?rest_route=%2Fwp%2Fv2%2Fmedia&parent=2806"}],"wp:term":[{"taxonomy":"product_brand","embeddable":true,"href":"https:\/\/cosmeticshop.com.co\/index.php?rest_route=%2Fwp%2Fv2%2Fproduct_brand&post=2806"},{"taxonomy":"product_cat","embeddable":true,"href":"https:\/\/cosmeticshop.com.co\/index.php?rest_route=%2Fwp%2Fv2%2Fproduct_cat&post=2806"},{"taxonomy":"product_tag","embeddable":true,"href":"https:\/\/cosmeticshop.com.co\/index.php?rest_route=%2Fwp%2Fv2%2Fproduct_tag&post=2806"}],"curies":[{"name":"wp","href":"https:\/\/api.w.org\/{rel}","templated":true}]}}