{"id":2775,"date":"2026-04-09T21:39:50","date_gmt":"2026-04-09T21:39:50","guid":{"rendered":"https:\/\/cosmeticshop.com.co\/?post_type=product&#038;p=2775"},"modified":"2026-04-09T21:45:44","modified_gmt":"2026-04-09T21:45:44","slug":"shampoo-yes-curls-hydra","status":"publish","type":"product","link":"https:\/\/cosmeticshop.com.co\/?product=shampoo-yes-curls-hydra","title":{"rendered":"Shampoo Yes Curls Hydra"},"content":{"rendered":"<p>Enriquecido con Biotech Hydra Oils, un activo biotecnol\u00f3gico que mejora la elasticidad hasta en un 53%, aporta suavidad, flexibilidad y un aspecto m\u00e1s definido a los rizos. Adem\u00e1s, contiene vitamina B5, que ayuda a mantener el cabello hidratado, con cuerpo y visiblemente m\u00e1s saludable.<\/p>\n<p>Beneficios:<br \/>\n\u2022 Limpia suavemente sin resecar<br \/>\n\u2022 Hidrata profundamente el cabello rizado<br \/>\n\u2022 Mejora la elasticidad hasta +53%<br \/>\n\u2022 Define y da forma a los rizos<br \/>\n\u2022 Reduce el frizz y el encrespamiento<br \/>\n\u2022 Aporta brillo y suavidad<br \/>\n\u2022 F\u00f3rmula sin alcohol, apta para m\u00e9todo curly<\/p>\n<p>Perfecto para quienes buscan rizos m\u00e1s definidos, suaves y con movimiento natural desde el lavado.<\/p>\n","protected":false},"excerpt":{"rendered":"<p>Limpia suavemente mientras hidrata y define los rizos, aportando elasticidad, suavidad y un brillo natural sin encrespamiento.<\/p>\n","protected":false},"featured_media":2784,"template":"","meta":{"_joinchat":[]},"product_brand":[144],"product_cat":[61,62],"product_tag":[],"class_list":{"0":"post-2775","1":"product","2":"type-product","3":"status-publish","4":"has-post-thumbnail","6":"product_brand-elgon","7":"product_cat-cuidado-capilar","8":"product_cat-shampoo","10":"first","11":"instock","12":"shipping-taxable","13":"purchasable","14":"product-type-variable"},"_links":{"self":[{"href":"https:\/\/cosmeticshop.com.co\/index.php?rest_route=\/wp\/v2\/product\/2775","targetHints":{"allow":["GET"]}}],"collection":[{"href":"https:\/\/cosmeticshop.com.co\/index.php?rest_route=\/wp\/v2\/product"}],"about":[{"href":"https:\/\/cosmeticshop.com.co\/index.php?rest_route=\/wp\/v2\/types\/product"}],"wp:featuredmedia":[{"embeddable":true,"href":"https:\/\/cosmeticshop.com.co\/index.php?rest_route=\/wp\/v2\/media\/2784"}],"wp:attachment":[{"href":"https:\/\/cosmeticshop.com.co\/index.php?rest_route=%2Fwp%2Fv2%2Fmedia&parent=2775"}],"wp:term":[{"taxonomy":"product_brand","embeddable":true,"href":"https:\/\/cosmeticshop.com.co\/index.php?rest_route=%2Fwp%2Fv2%2Fproduct_brand&post=2775"},{"taxonomy":"product_cat","embeddable":true,"href":"https:\/\/cosmeticshop.com.co\/index.php?rest_route=%2Fwp%2Fv2%2Fproduct_cat&post=2775"},{"taxonomy":"product_tag","embeddable":true,"href":"https:\/\/cosmeticshop.com.co\/index.php?rest_route=%2Fwp%2Fv2%2Fproduct_tag&post=2775"}],"curies":[{"name":"wp","href":"https:\/\/api.w.org\/{rel}","templated":true}]}}