{"id":2690,"date":"2026-04-07T21:43:03","date_gmt":"2026-04-07T21:43:03","guid":{"rendered":"https:\/\/cosmeticshop.com.co\/?post_type=product&#038;p=2690"},"modified":"2026-04-08T14:38:08","modified_gmt":"2026-04-08T14:38:08","slug":"11-look-recto","status":"publish","type":"product","link":"https:\/\/cosmeticshop.com.co\/?product=11-look-recto","title":{"rendered":"11 Look Recto"},"content":{"rendered":"<p>Gracias a su tecnolog\u00eda con Vitality Shield Complex, no solo protege, sino que tambi\u00e9n aporta brillo, suavidad y ayuda a mantener el color del cabello por m\u00e1s tiempo, logrando un acabado liso, pulido y duradero.<\/p>\n<p>Ideal para todo tipo de cabello, facilita el proceso de alisado, controla el frizz y deja una sensaci\u00f3n ligera sin apelmazar. Perfecto para quienes buscan un look liso profesional con protecci\u00f3n total frente al calor de herramientas t\u00e9rmicas.<\/p>\n<p>El resultado: un cabello visiblemente m\u00e1s liso, brillante y protegido en cada uso.<\/p>\n","protected":false},"excerpt":{"rendered":"<p>Protege tu cabello del calor mientras logras un alisado perfecto, suave y con brillo profesional.<\/p>\n","protected":false},"featured_media":2717,"template":"","meta":{"_joinchat":[]},"product_brand":[144],"product_cat":[61,67],"product_tag":[],"class_list":{"0":"post-2690","1":"product","2":"type-product","3":"status-publish","4":"has-post-thumbnail","6":"product_brand-elgon","7":"product_cat-cuidado-capilar","8":"product_cat-fijador-cera","10":"first","11":"instock","12":"shipping-taxable","13":"purchasable","14":"product-type-variable"},"_links":{"self":[{"href":"https:\/\/cosmeticshop.com.co\/index.php?rest_route=\/wp\/v2\/product\/2690","targetHints":{"allow":["GET"]}}],"collection":[{"href":"https:\/\/cosmeticshop.com.co\/index.php?rest_route=\/wp\/v2\/product"}],"about":[{"href":"https:\/\/cosmeticshop.com.co\/index.php?rest_route=\/wp\/v2\/types\/product"}],"wp:featuredmedia":[{"embeddable":true,"href":"https:\/\/cosmeticshop.com.co\/index.php?rest_route=\/wp\/v2\/media\/2717"}],"wp:attachment":[{"href":"https:\/\/cosmeticshop.com.co\/index.php?rest_route=%2Fwp%2Fv2%2Fmedia&parent=2690"}],"wp:term":[{"taxonomy":"product_brand","embeddable":true,"href":"https:\/\/cosmeticshop.com.co\/index.php?rest_route=%2Fwp%2Fv2%2Fproduct_brand&post=2690"},{"taxonomy":"product_cat","embeddable":true,"href":"https:\/\/cosmeticshop.com.co\/index.php?rest_route=%2Fwp%2Fv2%2Fproduct_cat&post=2690"},{"taxonomy":"product_tag","embeddable":true,"href":"https:\/\/cosmeticshop.com.co\/index.php?rest_route=%2Fwp%2Fv2%2Fproduct_tag&post=2690"}],"curies":[{"name":"wp","href":"https:\/\/api.w.org\/{rel}","templated":true}]}}