{"id":2655,"date":"2026-04-07T20:15:29","date_gmt":"2026-04-07T20:15:29","guid":{"rendered":"https:\/\/cosmeticshop.com.co\/?post_type=product&#038;p=2655"},"modified":"2026-04-08T15:36:44","modified_gmt":"2026-04-08T15:36:44","slug":"decolorante-extra-blue","status":"publish","type":"product","link":"https:\/\/cosmeticshop.com.co\/?product=decolorante-extra-blue","title":{"rendered":"Decolorante Extra Blue"},"content":{"rendered":"<p>Gracias a su tecnolog\u00eda enriquecida con \u00e1cido hialur\u00f3nico y activos protectores, no solo aclara hasta 7 tonos, sino que tambi\u00e9n ayuda a mantener el cabello hidratado, suave y con una mejor apariencia durante y despu\u00e9s del proceso qu\u00edmico.<\/p>\n<p>Su textura sin polvo (dust-free) facilita una aplicaci\u00f3n m\u00e1s limpia y precisa, ideal para t\u00e9cnicas como balayage, mechas o decoloraciones globales, brindando mayor control al profesional.<\/p>\n","protected":false},"excerpt":{"rendered":"<p>Aclara hasta 7 tonos mientras neutraliza los reflejos naranjas, logrando rubios m\u00e1s limpios, fr\u00edos y profesionales.<\/p>\n","protected":false},"featured_media":2722,"template":"","meta":{"_joinchat":[]},"product_brand":[144],"product_cat":[66,61],"product_tag":[],"class_list":{"0":"post-2655","1":"product","2":"type-product","3":"status-publish","4":"has-post-thumbnail","6":"product_brand-elgon","7":"product_cat-coloracion","8":"product_cat-cuidado-capilar","10":"first","11":"instock","12":"shipping-taxable","13":"purchasable","14":"product-type-variable"},"_links":{"self":[{"href":"https:\/\/cosmeticshop.com.co\/index.php?rest_route=\/wp\/v2\/product\/2655","targetHints":{"allow":["GET"]}}],"collection":[{"href":"https:\/\/cosmeticshop.com.co\/index.php?rest_route=\/wp\/v2\/product"}],"about":[{"href":"https:\/\/cosmeticshop.com.co\/index.php?rest_route=\/wp\/v2\/types\/product"}],"wp:featuredmedia":[{"embeddable":true,"href":"https:\/\/cosmeticshop.com.co\/index.php?rest_route=\/wp\/v2\/media\/2722"}],"wp:attachment":[{"href":"https:\/\/cosmeticshop.com.co\/index.php?rest_route=%2Fwp%2Fv2%2Fmedia&parent=2655"}],"wp:term":[{"taxonomy":"product_brand","embeddable":true,"href":"https:\/\/cosmeticshop.com.co\/index.php?rest_route=%2Fwp%2Fv2%2Fproduct_brand&post=2655"},{"taxonomy":"product_cat","embeddable":true,"href":"https:\/\/cosmeticshop.com.co\/index.php?rest_route=%2Fwp%2Fv2%2Fproduct_cat&post=2655"},{"taxonomy":"product_tag","embeddable":true,"href":"https:\/\/cosmeticshop.com.co\/index.php?rest_route=%2Fwp%2Fv2%2Fproduct_tag&post=2655"}],"curies":[{"name":"wp","href":"https:\/\/api.w.org\/{rel}","templated":true}]}}