{"id":2595,"date":"2026-04-06T03:29:17","date_gmt":"2026-04-06T03:29:17","guid":{"rendered":"https:\/\/cosmeticshop.com.co\/?product=tratamiento-semilla-sagrada"},"modified":"2026-04-06T03:35:42","modified_gmt":"2026-04-06T03:35:42","slug":"tratamiento-semilla-sagrada","status":"publish","type":"product","link":"https:\/\/cosmeticshop.com.co\/?product=tratamiento-semilla-sagrada","title":{"rendered":"Tratamiento Semilla Sagrada"},"content":{"rendered":"<p>Gracias a su acci\u00f3n humectante, ayuda a mantener el equilibrio de hidrataci\u00f3n en el cabello, evitando la resequedad y reduciendo el frizz. Adem\u00e1s, crea una barrera protectora frente a factores externos como la poluci\u00f3n y la exposici\u00f3n solar, cuidando el cabello d\u00eda a d\u00eda.<\/p>\n<p>Beneficios:<br \/>\n\u2022 Humecta profundamente la fibra capilar mejorando la suavidad<br \/>\n\u2022 Nutre el cabello dej\u00e1ndolo m\u00e1s manejable y f\u00e1cil de peinar<br \/>\n\u2022 Protege contra agentes externos como la poluci\u00f3n y el sol<br \/>\n\u2022 Reduce la resequedad y mejora la textura del cabello<br \/>\n\u2022 Libre de sal, parabenos y sulfatos<\/p>\n","protected":false},"excerpt":{"rendered":"<p>Hidrata, nutre y protege tu cabello con tratamiento semilla sagrada, una f\u00f3rmula que restaura la suavidad y facilita el peinado.<\/p>\n","protected":false},"featured_media":2560,"template":"","meta":{"_joinchat":[]},"product_brand":[273],"product_cat":[64],"product_tag":[],"class_list":{"0":"post-2595","1":"product","2":"type-product","3":"status-publish","4":"has-post-thumbnail","6":"product_brand-bonsua","7":"product_cat-tratamiento","9":"first","10":"instock","11":"shipping-taxable","12":"purchasable","13":"product-type-simple"},"_links":{"self":[{"href":"https:\/\/cosmeticshop.com.co\/index.php?rest_route=\/wp\/v2\/product\/2595","targetHints":{"allow":["GET"]}}],"collection":[{"href":"https:\/\/cosmeticshop.com.co\/index.php?rest_route=\/wp\/v2\/product"}],"about":[{"href":"https:\/\/cosmeticshop.com.co\/index.php?rest_route=\/wp\/v2\/types\/product"}],"wp:featuredmedia":[{"embeddable":true,"href":"https:\/\/cosmeticshop.com.co\/index.php?rest_route=\/wp\/v2\/media\/2560"}],"wp:attachment":[{"href":"https:\/\/cosmeticshop.com.co\/index.php?rest_route=%2Fwp%2Fv2%2Fmedia&parent=2595"}],"wp:term":[{"taxonomy":"product_brand","embeddable":true,"href":"https:\/\/cosmeticshop.com.co\/index.php?rest_route=%2Fwp%2Fv2%2Fproduct_brand&post=2595"},{"taxonomy":"product_cat","embeddable":true,"href":"https:\/\/cosmeticshop.com.co\/index.php?rest_route=%2Fwp%2Fv2%2Fproduct_cat&post=2595"},{"taxonomy":"product_tag","embeddable":true,"href":"https:\/\/cosmeticshop.com.co\/index.php?rest_route=%2Fwp%2Fv2%2Fproduct_tag&post=2595"}],"curies":[{"name":"wp","href":"https:\/\/api.w.org\/{rel}","templated":true}]}}