{"id":2594,"date":"2026-04-06T03:29:17","date_gmt":"2026-04-06T03:29:17","guid":{"rendered":"https:\/\/cosmeticshop.com.co\/?product=tratamiento-raiz-acre"},"modified":"2026-04-06T03:33:15","modified_gmt":"2026-04-06T03:33:15","slug":"tratamiento-raiz-acre","status":"publish","type":"product","link":"https:\/\/cosmeticshop.com.co\/?product=tratamiento-raiz-acre","title":{"rendered":"Tratamiento Ra\u00edz Acre"},"content":{"rendered":"<p>Gracias a su combinaci\u00f3n de minerales como hierro y magnesio, este tratamiento ayuda a equilibrar el cuero cabelludo, evitando el exceso de grasa y mejorando la salud capilar. Adem\u00e1s, contiene extractos naturales de cebolla, aloe vera y miel, conocidos por sus propiedades estimulantes y nutritivas, que revitalizan el cabello desde la ra\u00edz hasta las puntas.<\/p>\n<p>Beneficios:<br \/>\n\u2022 Estimula el crecimiento del cabello fortaleciendo desde la ra\u00edz<br \/>\n\u2022 Ayuda a prevenir la ca\u00edda gracias a sus ingredientes naturales<br \/>\n\u2022 Hidrata y protege el cuero cabelludo<br \/>\n\u2022 Equilibra la grasa capilar sin dejar sensaci\u00f3n pesada<br \/>\n\u2022 Libre de sal, parabenos y sulfatos<\/p>\n","protected":false},"excerpt":{"rendered":"<p>Fortalece tu cabello desde la ra\u00edz con Tratamiento Ra\u00edz Acre, una f\u00f3rmula intensiva que ayuda a prevenir la ca\u00edda y estimular un crecimiento m\u00e1s fuerte.<\/p>\n","protected":false},"featured_media":2559,"template":"","meta":{"_joinchat":[]},"product_brand":[273],"product_cat":[64],"product_tag":[],"class_list":{"0":"post-2594","1":"product","2":"type-product","3":"status-publish","4":"has-post-thumbnail","6":"product_brand-bonsua","7":"product_cat-tratamiento","9":"first","10":"instock","11":"shipping-taxable","12":"purchasable","13":"product-type-simple"},"_links":{"self":[{"href":"https:\/\/cosmeticshop.com.co\/index.php?rest_route=\/wp\/v2\/product\/2594","targetHints":{"allow":["GET"]}}],"collection":[{"href":"https:\/\/cosmeticshop.com.co\/index.php?rest_route=\/wp\/v2\/product"}],"about":[{"href":"https:\/\/cosmeticshop.com.co\/index.php?rest_route=\/wp\/v2\/types\/product"}],"wp:featuredmedia":[{"embeddable":true,"href":"https:\/\/cosmeticshop.com.co\/index.php?rest_route=\/wp\/v2\/media\/2559"}],"wp:attachment":[{"href":"https:\/\/cosmeticshop.com.co\/index.php?rest_route=%2Fwp%2Fv2%2Fmedia&parent=2594"}],"wp:term":[{"taxonomy":"product_brand","embeddable":true,"href":"https:\/\/cosmeticshop.com.co\/index.php?rest_route=%2Fwp%2Fv2%2Fproduct_brand&post=2594"},{"taxonomy":"product_cat","embeddable":true,"href":"https:\/\/cosmeticshop.com.co\/index.php?rest_route=%2Fwp%2Fv2%2Fproduct_cat&post=2594"},{"taxonomy":"product_tag","embeddable":true,"href":"https:\/\/cosmeticshop.com.co\/index.php?rest_route=%2Fwp%2Fv2%2Fproduct_tag&post=2594"}],"curies":[{"name":"wp","href":"https:\/\/api.w.org\/{rel}","templated":true}]}}