{"id":2581,"date":"2026-04-06T03:29:17","date_gmt":"2026-04-06T03:29:17","guid":{"rendered":"https:\/\/cosmeticshop.com.co\/?product=repara-puntas"},"modified":"2026-04-06T03:31:36","modified_gmt":"2026-04-06T03:31:36","slug":"repara-puntas","status":"publish","type":"product","link":"https:\/\/cosmeticshop.com.co\/?product=repara-puntas","title":{"rendered":"Repara Puntas"},"content":{"rendered":"<p>Es un tratamiento capilar dise\u00f1ado para transformar las zonas m\u00e1s da\u00f1adas de tu cabello, devolvi\u00e9ndoles suavidad, brillo y una apariencia saludable desde la primera aplicaci\u00f3n. Su f\u00f3rmula enriquecida con BioKeratina, aceite de arg\u00e1n y semilla de lino act\u00faa directamente sobre las puntas abiertas, ayudando a sellarlas y a reducir el aspecto poroso y maltratado.<\/p>\n","protected":false},"excerpt":{"rendered":"<p>Recupera la vida de tu cabello al instante con Bonsua Repara Puntas, el toque perfecto para sellar, suavizar y devolverle el brillo a tus puntas.<\/p>\n","protected":false},"featured_media":2542,"template":"","meta":{"_joinchat":[]},"product_brand":[273],"product_cat":[64],"product_tag":[],"class_list":{"0":"post-2581","1":"product","2":"type-product","3":"status-publish","4":"has-post-thumbnail","6":"product_brand-bonsua","7":"product_cat-tratamiento","9":"first","10":"instock","11":"shipping-taxable","12":"purchasable","13":"product-type-simple"},"_links":{"self":[{"href":"https:\/\/cosmeticshop.com.co\/index.php?rest_route=\/wp\/v2\/product\/2581","targetHints":{"allow":["GET"]}}],"collection":[{"href":"https:\/\/cosmeticshop.com.co\/index.php?rest_route=\/wp\/v2\/product"}],"about":[{"href":"https:\/\/cosmeticshop.com.co\/index.php?rest_route=\/wp\/v2\/types\/product"}],"wp:featuredmedia":[{"embeddable":true,"href":"https:\/\/cosmeticshop.com.co\/index.php?rest_route=\/wp\/v2\/media\/2542"}],"wp:attachment":[{"href":"https:\/\/cosmeticshop.com.co\/index.php?rest_route=%2Fwp%2Fv2%2Fmedia&parent=2581"}],"wp:term":[{"taxonomy":"product_brand","embeddable":true,"href":"https:\/\/cosmeticshop.com.co\/index.php?rest_route=%2Fwp%2Fv2%2Fproduct_brand&post=2581"},{"taxonomy":"product_cat","embeddable":true,"href":"https:\/\/cosmeticshop.com.co\/index.php?rest_route=%2Fwp%2Fv2%2Fproduct_cat&post=2581"},{"taxonomy":"product_tag","embeddable":true,"href":"https:\/\/cosmeticshop.com.co\/index.php?rest_route=%2Fwp%2Fv2%2Fproduct_tag&post=2581"}],"curies":[{"name":"wp","href":"https:\/\/api.w.org\/{rel}","templated":true}]}}