{"id":2580,"date":"2026-04-06T03:29:17","date_gmt":"2026-04-06T03:29:17","guid":{"rendered":"https:\/\/cosmeticshop.com.co\/?product=lluvia-de-plata"},"modified":"2026-04-06T03:31:30","modified_gmt":"2026-04-06T03:31:30","slug":"lluvia-de-plata","status":"publish","type":"product","link":"https:\/\/cosmeticshop.com.co\/?product=lluvia-de-plata","title":{"rendered":"Lluvia de Plata"},"content":{"rendered":"<p>Es un tratamiento capilar ideal para quienes desean mantener un tono perfecto en cabellos rubios, decolorados o con mechas. Su f\u00f3rmula enriquecida con amino\u00e1cidos, macadamia y semillas de lino no solo ayuda a neutralizar los tonos amarillos y anaranjados, sino que tambi\u00e9n nutre profundamente la fibra capilar, devolviendo suavidad, brillo y vitalidad al cabello.<\/p>\n","protected":false},"excerpt":{"rendered":"<p>Neutraliza tonos no deseados y revive el brillo de tu cabello con Bonsua Lluvia de Plata, el toque perfecto para un color m\u00e1s luminoso y sofisticado.<\/p>\n","protected":false},"featured_media":2541,"template":"","meta":{"_joinchat":[]},"product_brand":[273],"product_cat":[64],"product_tag":[],"class_list":{"0":"post-2580","1":"product","2":"type-product","3":"status-publish","4":"has-post-thumbnail","6":"product_brand-bonsua","7":"product_cat-tratamiento","9":"first","10":"instock","11":"shipping-taxable","12":"purchasable","13":"product-type-simple"},"_links":{"self":[{"href":"https:\/\/cosmeticshop.com.co\/index.php?rest_route=\/wp\/v2\/product\/2580","targetHints":{"allow":["GET"]}}],"collection":[{"href":"https:\/\/cosmeticshop.com.co\/index.php?rest_route=\/wp\/v2\/product"}],"about":[{"href":"https:\/\/cosmeticshop.com.co\/index.php?rest_route=\/wp\/v2\/types\/product"}],"wp:featuredmedia":[{"embeddable":true,"href":"https:\/\/cosmeticshop.com.co\/index.php?rest_route=\/wp\/v2\/media\/2541"}],"wp:attachment":[{"href":"https:\/\/cosmeticshop.com.co\/index.php?rest_route=%2Fwp%2Fv2%2Fmedia&parent=2580"}],"wp:term":[{"taxonomy":"product_brand","embeddable":true,"href":"https:\/\/cosmeticshop.com.co\/index.php?rest_route=%2Fwp%2Fv2%2Fproduct_brand&post=2580"},{"taxonomy":"product_cat","embeddable":true,"href":"https:\/\/cosmeticshop.com.co\/index.php?rest_route=%2Fwp%2Fv2%2Fproduct_cat&post=2580"},{"taxonomy":"product_tag","embeddable":true,"href":"https:\/\/cosmeticshop.com.co\/index.php?rest_route=%2Fwp%2Fv2%2Fproduct_tag&post=2580"}],"curies":[{"name":"wp","href":"https:\/\/api.w.org\/{rel}","templated":true}]}}