{"id":2529,"date":"2026-04-06T01:46:46","date_gmt":"2026-04-06T01:46:46","guid":{"rendered":"https:\/\/cosmeticshop.com.co\/?post_type=product&#038;p=2529"},"modified":"2026-04-06T01:46:46","modified_gmt":"2026-04-06T01:46:46","slug":"brillo-labial","status":"publish","type":"product","link":"https:\/\/cosmeticshop.com.co\/?product=brillo-labial","title":{"rendered":"Brillo Labial"},"content":{"rendered":"<p data-start=\"284\" data-end=\"666\">Su f\u00f3rmula ligera se desliza con facilidad, proporcionando un acabado brillante sin sensaci\u00f3n pegajosa. Gracias a su textura confortable y su efecto luminoso, tus labios se ver\u00e1n m\u00e1s hidratados y atractivos durante todo el d\u00eda. Es perfecto para quienes buscan un acabado sutil con un toque moderno.<\/p>\n","protected":false},"excerpt":{"rendered":"<p>Dale a tus labios un brillo irresistible, dise\u00f1ado para realzar tu belleza natural con un acabado luminoso y seductor.<\/p>\n","protected":false},"featured_media":2536,"template":"","meta":{"_joinchat":[]},"product_brand":[148],"product_cat":[76,54],"product_tag":[],"class_list":{"0":"post-2529","1":"product","2":"type-product","3":"status-publish","4":"has-post-thumbnail","6":"product_brand-ecleyr","7":"product_cat-labios","8":"product_cat-maquillaje","10":"first","11":"instock","12":"shipping-taxable","13":"purchasable","14":"product-type-variable"},"_links":{"self":[{"href":"https:\/\/cosmeticshop.com.co\/index.php?rest_route=\/wp\/v2\/product\/2529","targetHints":{"allow":["GET"]}}],"collection":[{"href":"https:\/\/cosmeticshop.com.co\/index.php?rest_route=\/wp\/v2\/product"}],"about":[{"href":"https:\/\/cosmeticshop.com.co\/index.php?rest_route=\/wp\/v2\/types\/product"}],"wp:featuredmedia":[{"embeddable":true,"href":"https:\/\/cosmeticshop.com.co\/index.php?rest_route=\/wp\/v2\/media\/2536"}],"wp:attachment":[{"href":"https:\/\/cosmeticshop.com.co\/index.php?rest_route=%2Fwp%2Fv2%2Fmedia&parent=2529"}],"wp:term":[{"taxonomy":"product_brand","embeddable":true,"href":"https:\/\/cosmeticshop.com.co\/index.php?rest_route=%2Fwp%2Fv2%2Fproduct_brand&post=2529"},{"taxonomy":"product_cat","embeddable":true,"href":"https:\/\/cosmeticshop.com.co\/index.php?rest_route=%2Fwp%2Fv2%2Fproduct_cat&post=2529"},{"taxonomy":"product_tag","embeddable":true,"href":"https:\/\/cosmeticshop.com.co\/index.php?rest_route=%2Fwp%2Fv2%2Fproduct_tag&post=2529"}],"curies":[{"name":"wp","href":"https:\/\/api.w.org\/{rel}","templated":true}]}}