{"id":2502,"date":"2026-04-05T23:14:10","date_gmt":"2026-04-05T23:14:10","guid":{"rendered":"https:\/\/cosmeticshop.com.co\/?post_type=product&#038;p=2502"},"modified":"2026-04-05T23:14:55","modified_gmt":"2026-04-05T23:14:55","slug":"spray-agua-marina","status":"publish","type":"product","link":"https:\/\/cosmeticshop.com.co\/?product=spray-agua-marina","title":{"rendered":"Spray Agua Marina"},"content":{"rendered":"<p>Es un texturizante capilar dise\u00f1ado para crear peinados con volumen, definici\u00f3n y un acabado natural tipo \u201csurf\u201d. Su f\u00f3rmula con sales marinas ayuda a dar cuerpo al cabello, resaltando ondas y aportando una fijaci\u00f3n media que mantiene el estilo sin rigidez.<\/p>\n<p>Ideal para cabellos medios y largos, este spray permite lograr un efecto desenfadado con acabado mate, sin dejar residuos ni sensaci\u00f3n pesada. Adem\u00e1s, su textura ligera facilita el peinado y permite moldear el cabello f\u00e1cilmente con las manos o con secador.<\/p>\n","protected":false},"excerpt":{"rendered":"<p data-start=\"178\" data-end=\"317\">Spray que aporta textura, volumen y un acabado natural efecto \u201cplayero\u201d, ideal para lograr peinados con estilo y movimiento.<\/p>\n<p data-start=\"178\" data-end=\"317\"><strong>Fijaci\u00f3n:<\/strong>\u00a02\/5<br \/>\n<strong>Brillo:<\/strong>\u00a00\/5<\/p>\n","protected":false},"featured_media":2508,"template":"","meta":{"_joinchat":[]},"product_brand":[157],"product_cat":[61,67],"product_tag":[],"class_list":{"0":"post-2502","1":"product","2":"type-product","3":"status-publish","4":"has-post-thumbnail","6":"product_brand-beardburys","7":"product_cat-cuidado-capilar","8":"product_cat-fijador-cera","10":"first","11":"instock","12":"shipping-taxable","13":"purchasable","14":"product-type-variable"},"_links":{"self":[{"href":"https:\/\/cosmeticshop.com.co\/index.php?rest_route=\/wp\/v2\/product\/2502","targetHints":{"allow":["GET"]}}],"collection":[{"href":"https:\/\/cosmeticshop.com.co\/index.php?rest_route=\/wp\/v2\/product"}],"about":[{"href":"https:\/\/cosmeticshop.com.co\/index.php?rest_route=\/wp\/v2\/types\/product"}],"wp:featuredmedia":[{"embeddable":true,"href":"https:\/\/cosmeticshop.com.co\/index.php?rest_route=\/wp\/v2\/media\/2508"}],"wp:attachment":[{"href":"https:\/\/cosmeticshop.com.co\/index.php?rest_route=%2Fwp%2Fv2%2Fmedia&parent=2502"}],"wp:term":[{"taxonomy":"product_brand","embeddable":true,"href":"https:\/\/cosmeticshop.com.co\/index.php?rest_route=%2Fwp%2Fv2%2Fproduct_brand&post=2502"},{"taxonomy":"product_cat","embeddable":true,"href":"https:\/\/cosmeticshop.com.co\/index.php?rest_route=%2Fwp%2Fv2%2Fproduct_cat&post=2502"},{"taxonomy":"product_tag","embeddable":true,"href":"https:\/\/cosmeticshop.com.co\/index.php?rest_route=%2Fwp%2Fv2%2Fproduct_tag&post=2502"}],"curies":[{"name":"wp","href":"https:\/\/api.w.org\/{rel}","templated":true}]}}